{"id":143539,"date":"2022-05-16T14:10:32","date_gmt":"2025-01-08T14:08:46","guid":{"rendered":"https:\/\/kingarms.ee\/product\/skauts-v1-maska-ultimate-tactical\/"},"modified":"2025-01-08T17:08:46","modified_gmt":"2025-01-08T14:08:46","slug":"scout-v1-mask","status":"publish","type":"product","link":"https:\/\/kingarms.ee\/lv\/product\/scout-v1-mask\/","title":{"rendered":"Skauts V1 maska Ultimate Tactical"},"content":{"rendered":"","protected":false},"excerpt":{"rendered":"<p>Scout V1 Mask Ultimate Tactical Produkta izmanto\u0161ana ballistiskai aizsardz\u012bbai un\/vai citiem aizsarg\u0101jo\u0161iem m\u0113r\u0137iem, ieskaitot taktisk\u0101\/kara\/ASG sp\u0113\u013cu izmanto\u0161anu, ir produkta lieto\u0161ana, kas ir pretrun\u0101 ar t\u0101 paredz\u0113to izmanto\u0161anu, t\u0101d\u0101 gad\u012bjum\u0101 pirc\u0113js to dara Tik tikai uz savu risku.<br \/>\nP\u0101rdev\u0113js nav atbild\u012bgs par produkta boj\u0101jumiem, kas var\u0113tu rasties produkta lieto\u0161anas d\u0113\u013c, kas ir pretrun\u0101 ar t\u0101 paredz\u0113to m\u0113r\u0137i, tas attiecas ar\u012b uz vis\u0101m iesp\u0113jam\u0101m sek\u0101m vesel\u012bbai (miesas boj\u0101jumu) lietot\u0101jam (pirc\u0113jam) vai \u012bpa\u0161uma boj\u0101jumiem. Turkl\u0101t produkta \u013caunpr\u0101t\u012bga izmanto\u0161ana neizmanto garantiju produktam.<\/p>\n","protected":false},"featured_media":119651,"template":"","meta":{"_acf_changed":false},"product_brand":[],"product_cat":[1081],"product_tag":[],"class_list":{"0":"post-143539","1":"product","2":"type-product","3":"status-publish","4":"has-post-thumbnail","6":"product_cat-bez-kiveres-stiprinajuma","8":"first","9":"onbackorder","10":"product-type-simple"},"acf":[],"_links":{"self":[{"href":"https:\/\/kingarms.ee\/lv\/wp-json\/wp\/v2\/product\/143539","targetHints":{"allow":["GET"]}}],"collection":[{"href":"https:\/\/kingarms.ee\/lv\/wp-json\/wp\/v2\/product"}],"about":[{"href":"https:\/\/kingarms.ee\/lv\/wp-json\/wp\/v2\/types\/product"}],"wp:featuredmedia":[{"embeddable":true,"href":"https:\/\/kingarms.ee\/lv\/wp-json\/wp\/v2\/media\/119651"}],"wp:attachment":[{"href":"https:\/\/kingarms.ee\/lv\/wp-json\/wp\/v2\/media?parent=143539"}],"wp:term":[{"taxonomy":"product_brand","embeddable":true,"href":"https:\/\/kingarms.ee\/lv\/wp-json\/wp\/v2\/product_brand?post=143539"},{"taxonomy":"product_cat","embeddable":true,"href":"https:\/\/kingarms.ee\/lv\/wp-json\/wp\/v2\/product_cat?post=143539"},{"taxonomy":"product_tag","embeddable":true,"href":"https:\/\/kingarms.ee\/lv\/wp-json\/wp\/v2\/product_tag?post=143539"}],"curies":[{"name":"wp","href":"https:\/\/api.w.org\/{rel}","templated":true}]}}