{"id":143547,"date":"2022-05-15T23:46:17","date_gmt":"2025-01-08T14:13:40","guid":{"rendered":"https:\/\/kingarms.ee\/product\/5019-tips-553-red-dot-sight-merkis-o\/"},"modified":"2025-01-08T17:13:40","modified_gmt":"2025-01-08T14:13:40","slug":"5019-type-553-red-dot-sight","status":"publish","type":"product","link":"https:\/\/kingarms.ee\/lv\/product\/5019-type-553-red-dot-sight\/","title":{"rendered":"5019 tips 553 Red Dot Sight M\u0113r\u0137is O"},"content":{"rendered":"","protected":false},"excerpt":{"rendered":"<p>5019 Tips 553 Red Dot Sight AIM O Kolimators galvenok\u0101rt izgatavots no met\u0101la. Plastmasas da\u013ca ir akumulatora v\u0101ks. Kolimatoru darbina divas AAA baterijas. M\u0113r\u0137a punkts ir apgaismots sarkan\u0101 un za\u013c\u0101 kr\u0101s\u0101. To ir iesp\u0113jams piel\u0101got gan vertik\u0101li, gan horizont\u0101li. Mont\u0101\u017eu veic, izmantojot QD sist\u0113mu.<\/p>\n","protected":false},"featured_media":119343,"template":"","meta":{"_acf_changed":false},"product_brand":[],"product_cat":[1067],"product_tag":[],"class_list":{"0":"post-143547","1":"product","2":"type-product","3":"status-publish","4":"has-post-thumbnail","6":"product_cat-skats","8":"first","9":"instock","10":"purchasable","11":"product-type-simple"},"acf":[],"_links":{"self":[{"href":"https:\/\/kingarms.ee\/lv\/wp-json\/wp\/v2\/product\/143547","targetHints":{"allow":["GET"]}}],"collection":[{"href":"https:\/\/kingarms.ee\/lv\/wp-json\/wp\/v2\/product"}],"about":[{"href":"https:\/\/kingarms.ee\/lv\/wp-json\/wp\/v2\/types\/product"}],"wp:featuredmedia":[{"embeddable":true,"href":"https:\/\/kingarms.ee\/lv\/wp-json\/wp\/v2\/media\/119343"}],"wp:attachment":[{"href":"https:\/\/kingarms.ee\/lv\/wp-json\/wp\/v2\/media?parent=143547"}],"wp:term":[{"taxonomy":"product_brand","embeddable":true,"href":"https:\/\/kingarms.ee\/lv\/wp-json\/wp\/v2\/product_brand?post=143547"},{"taxonomy":"product_cat","embeddable":true,"href":"https:\/\/kingarms.ee\/lv\/wp-json\/wp\/v2\/product_cat?post=143547"},{"taxonomy":"product_tag","embeddable":true,"href":"https:\/\/kingarms.ee\/lv\/wp-json\/wp\/v2\/product_tag?post=143547"}],"curies":[{"name":"wp","href":"https:\/\/api.w.org\/{rel}","templated":true}]}}