{"id":143549,"date":"2022-05-15T23:46:29","date_gmt":"2025-01-08T14:18:12","guid":{"rendered":"https:\/\/kingarms.ee\/product\/e-t-u-gearbox-v3-replicas-priekseja-vadu-sistema\/"},"modified":"2025-01-08T17:18:12","modified_gmt":"2025-01-08T14:18:12","slug":"e-t-u-system-for-gearbox-v3-replicas-front-wired","status":"publish","type":"product","link":"https:\/\/kingarms.ee\/lv\/product\/e-t-u-system-for-gearbox-v3-replicas-front-wired\/","title":{"rendered":"E.T.U. Gearbox V3 replicas priek\u0161\u0113j\u0101 vadu sist\u0113ma"},"content":{"rendered":"","protected":false},"excerpt":{"rendered":"<p>E.T.U. Gearbox V3 replicas priek\u0161\u0113j\u0101 vadu sist\u0113ma<\/p>\n<p>E.T.U. Gearbox V3 repliku sist\u0113ma (aizmugures vadi)<br \/>\nPiln\u012bgs E.T.U. &#8211; Elektronisk\u0101 spr\u016bda vien\u012bba, kas paz\u012bstama no G&amp;G Replicas, uzst\u0101d\u012b\u0161anai replik\u0101s ar V3 p\u0101rnesumk\u0101rbu.<\/p>\n","protected":false},"featured_media":119255,"template":"","meta":{"_acf_changed":false},"product_brand":[],"product_cat":[1129],"product_tag":[],"class_list":{"0":"post-143549","1":"product","2":"type-product","3":"status-publish","4":"has-post-thumbnail","6":"product_cat-rezerves-dalas","8":"first","9":"instock","10":"purchasable","11":"product-type-simple"},"acf":[],"_links":{"self":[{"href":"https:\/\/kingarms.ee\/lv\/wp-json\/wp\/v2\/product\/143549","targetHints":{"allow":["GET"]}}],"collection":[{"href":"https:\/\/kingarms.ee\/lv\/wp-json\/wp\/v2\/product"}],"about":[{"href":"https:\/\/kingarms.ee\/lv\/wp-json\/wp\/v2\/types\/product"}],"wp:featuredmedia":[{"embeddable":true,"href":"https:\/\/kingarms.ee\/lv\/wp-json\/wp\/v2\/media\/119255"}],"wp:attachment":[{"href":"https:\/\/kingarms.ee\/lv\/wp-json\/wp\/v2\/media?parent=143549"}],"wp:term":[{"taxonomy":"product_brand","embeddable":true,"href":"https:\/\/kingarms.ee\/lv\/wp-json\/wp\/v2\/product_brand?post=143549"},{"taxonomy":"product_cat","embeddable":true,"href":"https:\/\/kingarms.ee\/lv\/wp-json\/wp\/v2\/product_cat?post=143549"},{"taxonomy":"product_tag","embeddable":true,"href":"https:\/\/kingarms.ee\/lv\/wp-json\/wp\/v2\/product_tag?post=143549"}],"curies":[{"name":"wp","href":"https:\/\/api.w.org\/{rel}","templated":true}]}}