{"id":143553,"date":"2022-05-15T23:46:29","date_gmt":"2025-01-08T14:21:53","guid":{"rendered":"https:\/\/kingarms.ee\/product\/vartu-nanoaab-mosfet\/"},"modified":"2025-01-08T17:21:53","modified_gmt":"2025-01-08T14:21:53","slug":"gate-nanoaab-mosfet-2","status":"publish","type":"product","link":"https:\/\/kingarms.ee\/lv\/product\/gate-nanoaab-mosfet-2\/","title":{"rendered":"V\u0101rtu nanoaab mosfet"},"content":{"rendered":"","protected":false},"excerpt":{"rendered":"<p>Nanoasr ir jaun\u0101kais standarta tre\u0161\u0101s paaudzes MOSFET. Visjaun\u0101ko tranzistoru un mikroprocesoru pielietojums \u013c\u0101va mums izveidot maz\u0101ko un uzticam\u0101ko MOSFET tirg\u016b. Pateicoties t\u0101 \u012bpa\u0161ajam p\u0101rkl\u0101jumam, tas ir iztur\u012bgs pret atmosf\u0113ras apst\u0101k\u013ciem.  <\/p>\n","protected":false},"featured_media":119249,"template":"","meta":{"_acf_changed":false},"product_brand":[],"product_cat":[1053,1129],"product_tag":[],"class_list":{"0":"post-143553","1":"product","2":"type-product","3":"status-publish","4":"has-post-thumbnail","6":"product_cat-gaste-ir-varti","7":"product_cat-rezerves-dalas","9":"first","10":"instock","11":"purchasable","12":"product-type-simple"},"acf":[],"_links":{"self":[{"href":"https:\/\/kingarms.ee\/lv\/wp-json\/wp\/v2\/product\/143553","targetHints":{"allow":["GET"]}}],"collection":[{"href":"https:\/\/kingarms.ee\/lv\/wp-json\/wp\/v2\/product"}],"about":[{"href":"https:\/\/kingarms.ee\/lv\/wp-json\/wp\/v2\/types\/product"}],"wp:featuredmedia":[{"embeddable":true,"href":"https:\/\/kingarms.ee\/lv\/wp-json\/wp\/v2\/media\/119249"}],"wp:attachment":[{"href":"https:\/\/kingarms.ee\/lv\/wp-json\/wp\/v2\/media?parent=143553"}],"wp:term":[{"taxonomy":"product_brand","embeddable":true,"href":"https:\/\/kingarms.ee\/lv\/wp-json\/wp\/v2\/product_brand?post=143553"},{"taxonomy":"product_cat","embeddable":true,"href":"https:\/\/kingarms.ee\/lv\/wp-json\/wp\/v2\/product_cat?post=143553"},{"taxonomy":"product_tag","embeddable":true,"href":"https:\/\/kingarms.ee\/lv\/wp-json\/wp\/v2\/product_tag?post=143553"}],"curies":[{"name":"wp","href":"https:\/\/api.w.org\/{rel}","templated":true}]}}