{"id":143554,"date":"2022-05-15T23:46:29","date_gmt":"2025-01-08T14:22:38","guid":{"rendered":"https:\/\/kingarms.ee\/product\/gate-nanohard-mosfet-vieniba\/"},"modified":"2025-01-08T17:22:38","modified_gmt":"2025-01-08T14:22:38","slug":"gate-nanohard-mosfet-unit","status":"publish","type":"product","link":"https:\/\/kingarms.ee\/lv\/product\/gate-nanohard-mosfet-unit\/","title":{"rendered":"Gate Nanohard Mosfet vien\u012bba"},"content":{"rendered":"","protected":false},"excerpt":{"rendered":"<p>Nanohards ir jaun\u0101k\u0101 3. paaudzes vien\u012bba. Vismodern\u0101ko tranzistoru un mikroprocesora ievie\u0161ana \u013c\u0101va mums izveidot maz\u0101ko un uzticam\u0101ko MOSFET vien\u012bbu tirg\u016b, pateicoties \u012bpa\u0161am p\u0101rkl\u0101jumam, tas ir iztur\u012bgs pret sliktiem laika apst\u0101k\u013ciem.<br \/>\nT\u0101 ir piln\u012bb\u0101 programm\u0113jama vien\u012bba. <\/p>\n","protected":false},"featured_media":119247,"template":"","meta":{"_acf_changed":false},"product_brand":[],"product_cat":[1053,1129],"product_tag":[],"class_list":{"0":"post-143554","1":"product","2":"type-product","3":"status-publish","4":"has-post-thumbnail","6":"product_cat-gaste-ir-varti","7":"product_cat-rezerves-dalas","9":"first","10":"instock","11":"purchasable","12":"product-type-simple"},"acf":[],"_links":{"self":[{"href":"https:\/\/kingarms.ee\/lv\/wp-json\/wp\/v2\/product\/143554","targetHints":{"allow":["GET"]}}],"collection":[{"href":"https:\/\/kingarms.ee\/lv\/wp-json\/wp\/v2\/product"}],"about":[{"href":"https:\/\/kingarms.ee\/lv\/wp-json\/wp\/v2\/types\/product"}],"wp:featuredmedia":[{"embeddable":true,"href":"https:\/\/kingarms.ee\/lv\/wp-json\/wp\/v2\/media\/119247"}],"wp:attachment":[{"href":"https:\/\/kingarms.ee\/lv\/wp-json\/wp\/v2\/media?parent=143554"}],"wp:term":[{"taxonomy":"product_brand","embeddable":true,"href":"https:\/\/kingarms.ee\/lv\/wp-json\/wp\/v2\/product_brand?post=143554"},{"taxonomy":"product_cat","embeddable":true,"href":"https:\/\/kingarms.ee\/lv\/wp-json\/wp\/v2\/product_cat?post=143554"},{"taxonomy":"product_tag","embeddable":true,"href":"https:\/\/kingarms.ee\/lv\/wp-json\/wp\/v2\/product_tag?post=143554"}],"curies":[{"name":"wp","href":"https:\/\/api.w.org\/{rel}","templated":true}]}}