{"id":143558,"date":"2022-05-14T17:45:45","date_gmt":"2025-01-08T14:35:32","guid":{"rendered":"https:\/\/kingarms.ee\/product\/asv-gaisa-speku-markiera-tipa-troksna-slapetajs-fma\/"},"modified":"2025-01-08T17:35:32","modified_gmt":"2025-01-08T14:35:32","slug":"u-s-air-force-tracer-type-silencer","status":"publish","type":"product","link":"https:\/\/kingarms.ee\/lv\/product\/u-s-air-force-tracer-type-silencer\/","title":{"rendered":"ASV gaisa sp\u0113ku mar\u0137iera tipa trok\u0161\u0146a sl\u0101p\u0113t\u0101js FMA"},"content":{"rendered":"","protected":false},"excerpt":{"rendered":"<p>ASV gaisa sp\u0113ku mar\u0137iera trok\u0161\u0146a sl\u0101p\u0113t\u0101ja FMA nom\u0101c\u0113js ar mar\u0137iera vien\u012bbu, kas apgaismo granulas, 190 mm garum\u0101 un 35 mm diametr\u0101. Lai nom\u0101c\u0113js darbotos efekt\u012bvi, ir vajadz\u012bgas mar\u0137iera tipa dienasgaismas granulas.<br \/>\nSl\u0101p\u0113t\u0101jam ir pret\u0113ji pulkste\u0146r\u0101d\u012bt\u0101ja virzienam 14 mm pavedienam.<\/p>\n","protected":false},"featured_media":118942,"template":"","meta":{"_acf_changed":false},"product_brand":[],"product_cat":[1113],"product_tag":[],"class_list":{"0":"post-143558","1":"product","2":"type-product","3":"status-publish","4":"has-post-thumbnail","6":"product_cat-troksna-slapetaji","8":"first","9":"instock","10":"sale","11":"purchasable","12":"product-type-simple"},"acf":[],"_links":{"self":[{"href":"https:\/\/kingarms.ee\/lv\/wp-json\/wp\/v2\/product\/143558","targetHints":{"allow":["GET"]}}],"collection":[{"href":"https:\/\/kingarms.ee\/lv\/wp-json\/wp\/v2\/product"}],"about":[{"href":"https:\/\/kingarms.ee\/lv\/wp-json\/wp\/v2\/types\/product"}],"wp:featuredmedia":[{"embeddable":true,"href":"https:\/\/kingarms.ee\/lv\/wp-json\/wp\/v2\/media\/118942"}],"wp:attachment":[{"href":"https:\/\/kingarms.ee\/lv\/wp-json\/wp\/v2\/media?parent=143558"}],"wp:term":[{"taxonomy":"product_brand","embeddable":true,"href":"https:\/\/kingarms.ee\/lv\/wp-json\/wp\/v2\/product_brand?post=143558"},{"taxonomy":"product_cat","embeddable":true,"href":"https:\/\/kingarms.ee\/lv\/wp-json\/wp\/v2\/product_cat?post=143558"},{"taxonomy":"product_tag","embeddable":true,"href":"https:\/\/kingarms.ee\/lv\/wp-json\/wp\/v2\/product_tag?post=143558"}],"curies":[{"name":"wp","href":"https:\/\/api.w.org\/{rel}","templated":true}]}}