{"id":143590,"date":"2022-05-14T17:45:31","date_gmt":"2025-01-08T14:51:52","guid":{"rendered":"https:\/\/kingarms.ee\/product\/slepts-taktiskais-standarts-35x100mm-klusinataja-airsoft-engineering\/"},"modified":"2025-01-08T17:51:52","modified_gmt":"2025-01-08T14:51:52","slug":"covert-tactical-standard-35x100mm-silencer","status":"publish","type":"product","link":"https:\/\/kingarms.ee\/lv\/product\/covert-tactical-standard-35x100mm-silencer\/","title":{"rendered":"Sl\u0113pts taktiskais standarts 35x100mm klusin\u0101t\u0101ja Airsoft Engineering"},"content":{"rendered":"","protected":false},"excerpt":{"rendered":"<p>CLETT TAKTISK\u0100S STANDARTS 35X100MM klusin\u0101t\u0101ja Airsoft Engineering Sound Stressor ir izgatavots no PA6 alum\u012bnija, izmantojot CNC instrumentu, tas tiek izbeigts ar 14 mm pavedienu no ab\u0101m pus\u0113m, gan pret\u0113ji, gan pulkste\u0146r\u0101d\u012bt\u0101ja virzien\u0101. Tas ir apr\u012bkots ar put\u0101m, kas nodro\u0161ina klus\u0113\u0161anas \u012bpa\u0161\u012bbas.<br \/>\nTas ir meln\u0101 kr\u0101s\u0101 p\u0101rkl\u0101ts ar pulveri, kas nodro\u0161ina unik\u0101lu ska\u0146as sl\u0101p\u0113t\u0101ja strukt\u016bru un \u013coti labu virsmas iztur\u012bbu.<\/p>\n","protected":false},"featured_media":118974,"template":"","meta":{"_acf_changed":false},"product_brand":[],"product_cat":[1113],"product_tag":[],"class_list":{"0":"post-143590","1":"product","2":"type-product","3":"status-publish","4":"has-post-thumbnail","6":"product_cat-troksna-slapetaji","8":"first","9":"instock","10":"purchasable","11":"product-type-simple"},"acf":[],"_links":{"self":[{"href":"https:\/\/kingarms.ee\/lv\/wp-json\/wp\/v2\/product\/143590","targetHints":{"allow":["GET"]}}],"collection":[{"href":"https:\/\/kingarms.ee\/lv\/wp-json\/wp\/v2\/product"}],"about":[{"href":"https:\/\/kingarms.ee\/lv\/wp-json\/wp\/v2\/types\/product"}],"wp:featuredmedia":[{"embeddable":true,"href":"https:\/\/kingarms.ee\/lv\/wp-json\/wp\/v2\/media\/118974"}],"wp:attachment":[{"href":"https:\/\/kingarms.ee\/lv\/wp-json\/wp\/v2\/media?parent=143590"}],"wp:term":[{"taxonomy":"product_brand","embeddable":true,"href":"https:\/\/kingarms.ee\/lv\/wp-json\/wp\/v2\/product_brand?post=143590"},{"taxonomy":"product_cat","embeddable":true,"href":"https:\/\/kingarms.ee\/lv\/wp-json\/wp\/v2\/product_cat?post=143590"},{"taxonomy":"product_tag","embeddable":true,"href":"https:\/\/kingarms.ee\/lv\/wp-json\/wp\/v2\/product_tag?post=143590"}],"curies":[{"name":"wp","href":"https:\/\/api.w.org\/{rel}","templated":true}]}}