{"id":143595,"date":"2022-05-14T17:45:17","date_gmt":"2025-01-08T14:57:18","guid":{"rendered":"https:\/\/kingarms.ee\/product\/edgetm-markiera-precizitate-bbs-020g-1000-bbs-specna-ieroci\/"},"modified":"2025-01-08T17:57:18","modified_gmt":"2025-01-08T14:57:18","slug":"specna-arms-edgetm-tracer-precision-bbs-0-20g-1000-bbs","status":"publish","type":"product","link":"https:\/\/kingarms.ee\/lv\/product\/specna-arms-edgetm-tracer-precision-bbs-0-20g-1000-bbs\/","title":{"rendered":"Edgetm mar\u0137iera precizit\u0101te BBS 0,20G 1000 BBS Specna iero\u010di"},"content":{"rendered":"","protected":false},"excerpt":{"rendered":"<p>EdgetM Tracer Precision BBS 0,20G 1000 BBS Specna Arms Specna Arms\u00ae z\u012bmols, kas paz\u012bstams ar savu ra\u017eoto repliku kvalit\u0101ti un novatoriskumu, ievie\u0161 v\u0113l vienu jaunumu: Precision BB no Professional Edge \u2122 s\u0113rijas. Pla\u0161aj\u0101 Edge \u2122 BBS mas\u012bv\u0101 j\u016bs atrad\u012bsit visaugst\u0101k\u0101s kvalit\u0101tes mun\u012bciju ASG replik\u0101m, kuras ra\u017eo patiesi eksperti, attiec\u012bb\u0101 uz Precision BBS &#8211; Taiwanese BLS.<br \/>\nEdge \u2122 BBS diametrs ir 5,95 mm (+\/- 0,005 mm), un svara at\u0161\u0137ir\u012bba starp BB nep\u0101rsniedz 0,01 g. Rezult\u0101t\u0101 Specna Arms\u00ae Edge \u2122 BB ir ide\u0101li piem\u0113roti standarta muc\u0101m, kam\u0113r tie piln\u012bb\u0101 sasniedz savu potenci\u0101lu precizit\u0101tes muc\u0101s.<\/p>\n","protected":false},"featured_media":119156,"template":"","meta":{"_acf_changed":false},"product_brand":[],"product_cat":[1046],"product_tag":[],"class_list":{"0":"post-143595","1":"product","2":"type-product","3":"status-publish","4":"has-post-thumbnail","6":"product_cat-gaisa-mikstais-6mm","8":"first","9":"onbackorder","10":"product-type-simple"},"acf":[],"_links":{"self":[{"href":"https:\/\/kingarms.ee\/lv\/wp-json\/wp\/v2\/product\/143595","targetHints":{"allow":["GET"]}}],"collection":[{"href":"https:\/\/kingarms.ee\/lv\/wp-json\/wp\/v2\/product"}],"about":[{"href":"https:\/\/kingarms.ee\/lv\/wp-json\/wp\/v2\/types\/product"}],"wp:featuredmedia":[{"embeddable":true,"href":"https:\/\/kingarms.ee\/lv\/wp-json\/wp\/v2\/media\/119156"}],"wp:attachment":[{"href":"https:\/\/kingarms.ee\/lv\/wp-json\/wp\/v2\/media?parent=143595"}],"wp:term":[{"taxonomy":"product_brand","embeddable":true,"href":"https:\/\/kingarms.ee\/lv\/wp-json\/wp\/v2\/product_brand?post=143595"},{"taxonomy":"product_cat","embeddable":true,"href":"https:\/\/kingarms.ee\/lv\/wp-json\/wp\/v2\/product_cat?post=143595"},{"taxonomy":"product_tag","embeddable":true,"href":"https:\/\/kingarms.ee\/lv\/wp-json\/wp\/v2\/product_tag?post=143595"}],"curies":[{"name":"wp","href":"https:\/\/api.w.org\/{rel}","templated":true}]}}