{"id":143597,"date":"2022-05-14T17:45:17","date_gmt":"2025-01-08T14:59:50","guid":{"rendered":"https:\/\/kingarms.ee\/product\/10x50-binokli-prooptiski\/"},"modified":"2025-01-08T17:59:50","modified_gmt":"2025-01-08T14:59:50","slug":"prooptic-10x50-binoculars","status":"publish","type":"product","link":"https:\/\/kingarms.ee\/lv\/product\/prooptic-10x50-binoculars\/","title":{"rendered":"10&#215;50 binokli prooptiski"},"content":{"rendered":"","protected":false},"excerpt":{"rendered":"<p>10&#215;50 binokli prooptiskie binokli ar fiks\u0113tu 10x palielin\u0101jumu un objekt\u012bvu diametru 50 mm. Vi\u0146iem ir \u013coti laba optisk\u0101 veiktsp\u0113ja. Prooptic 10&#215;50 objekt\u012bviem ir magnija fluora p\u0101rkl\u0101jumi, kas palielina gaismas p\u0101rraidi un garant\u0113 dabisko kr\u0101su reprodukciju. Vi\u0146i ar\u012b nov\u0113r\u0161 nev\u0113lamas p\u0101rdomas. Binokli ir iztur\u012bgs alum\u012bnija korpuss ar aizsarg\u0101jo\u0161u gumijas p\u0101rkl\u0101jumu.<\/p>\n","protected":false},"featured_media":119122,"template":"","meta":{"_acf_changed":false},"product_brand":[],"product_cat":[1043],"product_tag":[],"class_list":{"0":"post-143597","1":"product","2":"type-product","3":"status-publish","4":"has-post-thumbnail","6":"product_cat-biloklalis","8":"first","9":"instock","10":"purchasable","11":"product-type-simple"},"acf":[],"_links":{"self":[{"href":"https:\/\/kingarms.ee\/lv\/wp-json\/wp\/v2\/product\/143597","targetHints":{"allow":["GET"]}}],"collection":[{"href":"https:\/\/kingarms.ee\/lv\/wp-json\/wp\/v2\/product"}],"about":[{"href":"https:\/\/kingarms.ee\/lv\/wp-json\/wp\/v2\/types\/product"}],"wp:featuredmedia":[{"embeddable":true,"href":"https:\/\/kingarms.ee\/lv\/wp-json\/wp\/v2\/media\/119122"}],"wp:attachment":[{"href":"https:\/\/kingarms.ee\/lv\/wp-json\/wp\/v2\/media?parent=143597"}],"wp:term":[{"taxonomy":"product_brand","embeddable":true,"href":"https:\/\/kingarms.ee\/lv\/wp-json\/wp\/v2\/product_brand?post=143597"},{"taxonomy":"product_cat","embeddable":true,"href":"https:\/\/kingarms.ee\/lv\/wp-json\/wp\/v2\/product_cat?post=143597"},{"taxonomy":"product_tag","embeddable":true,"href":"https:\/\/kingarms.ee\/lv\/wp-json\/wp\/v2\/product_tag?post=143597"}],"curies":[{"name":"wp","href":"https:\/\/api.w.org\/{rel}","templated":true}]}}