{"id":143602,"date":"2022-04-30T08:29:48","date_gmt":"2025-01-08T15:03:05","guid":{"rendered":"https:\/\/kingarms.ee\/product\/sck-pavasara-paligs-kabatas-saliekamais-nazis\/"},"modified":"2025-01-08T18:03:05","modified_gmt":"2025-01-08T15:03:05","slug":"sck-spring-porped-pockent-salocisana-nazis-2","status":"publish","type":"product","link":"https:\/\/kingarms.ee\/lv\/product\/sck-spring-porped-pockent-salocisana-nazis-2\/","title":{"rendered":"SCK pavasara pal\u012bgs kabatas saliekamais nazis"},"content":{"rendered":"","protected":false},"excerpt":{"rendered":"<p>Kabatas saliekams nazis<br \/>\nPavasaris atbalst\u012bts<br \/>\nNer\u016bs\u0113jo\u0161\u0101 t\u0113rauda melna asmens<br \/>\nAlum\u012bnijs un plastmasas rokturis<br \/>\nJostas saspraude<br \/>\nStarplikts<br \/>\n\u012ak\u0161\u0137a tapa<br \/>\nSl\u0113gts garums 122 mm<br \/>\nKop\u0113jais garums 203 mm<br \/>\nSvars 125G<\/p>\n","protected":false},"featured_media":118454,"template":"","meta":{"_acf_changed":false},"product_brand":[],"product_cat":[991,1115],"product_tag":[],"class_list":{"0":"post-143602","1":"product","2":"type-product","3":"status-publish","4":"has-post-thumbnail","6":"product_cat-nazi","7":"product_cat-nazi-atzarosanas-zagis","9":"first","10":"onbackorder","11":"taxable","12":"shipping-taxable","13":"product-type-simple"},"acf":[],"_links":{"self":[{"href":"https:\/\/kingarms.ee\/lv\/wp-json\/wp\/v2\/product\/143602","targetHints":{"allow":["GET"]}}],"collection":[{"href":"https:\/\/kingarms.ee\/lv\/wp-json\/wp\/v2\/product"}],"about":[{"href":"https:\/\/kingarms.ee\/lv\/wp-json\/wp\/v2\/types\/product"}],"wp:featuredmedia":[{"embeddable":true,"href":"https:\/\/kingarms.ee\/lv\/wp-json\/wp\/v2\/media\/118454"}],"wp:attachment":[{"href":"https:\/\/kingarms.ee\/lv\/wp-json\/wp\/v2\/media?parent=143602"}],"wp:term":[{"taxonomy":"product_brand","embeddable":true,"href":"https:\/\/kingarms.ee\/lv\/wp-json\/wp\/v2\/product_brand?post=143602"},{"taxonomy":"product_cat","embeddable":true,"href":"https:\/\/kingarms.ee\/lv\/wp-json\/wp\/v2\/product_cat?post=143602"},{"taxonomy":"product_tag","embeddable":true,"href":"https:\/\/kingarms.ee\/lv\/wp-json\/wp\/v2\/product_tag?post=143602"}],"curies":[{"name":"wp","href":"https:\/\/api.w.org\/{rel}","templated":true}]}}