{"id":143606,"date":"2022-04-30T08:18:21","date_gmt":"2025-01-08T15:06:22","guid":{"rendered":"https:\/\/kingarms.ee\/product\/ek-kids-compound-bow-kirupira-15-20-lbs-camo-versija\/"},"modified":"2025-01-08T18:06:22","modified_gmt":"2025-01-08T15:06:22","slug":"ek-kids-sakara-bow-kirupira-15-20-lbs-camo-versija","status":"publish","type":"product","link":"https:\/\/kingarms.ee\/lv\/product\/ek-kids-sakara-bow-kirupira-15-20-lbs-camo-versija\/","title":{"rendered":"EK Kids Compound Bow Kirupira 15 20 lbs camo versija"},"content":{"rendered":"","protected":false},"excerpt":{"rendered":"<p>EK Kids Compound Bow Kirupira 15 20 lbs camo versija<\/p>\n<p>B\u0113rni saliek loku<br \/>\nPiel\u0101gojams 15-20 m\u0101rci\u0146as<br \/>\nUzz\u012bm\u0113jiet garumu 22-24 collas<br \/>\nIztur\u012bgs kompoz\u012btmateri\u0101lu audz\u0113t\u0101js<br \/>\nIztur\u012bgas saliktas ekstremit\u0101tes<br \/>\nArmiju<br \/>\n2x 26 collas stiklplasta bulti\u0146as<br \/>\n4gab bultas \u0137ivere<br \/>\n1-pin misi\u0146a redze<br \/>\nRaga gumijas atp\u016bta<br \/>\n3 pirkstu cilne<br \/>\nCamo kr\u0101sa<\/p>\n","protected":false},"featured_media":118432,"template":"","meta":{"_acf_changed":false},"product_brand":[],"product_cat":[1018,1013],"product_tag":[],"class_list":{"0":"post-143606","1":"product","2":"type-product","3":"status-publish","4":"has-post-thumbnail","6":"product_cat-loki","7":"product_cat-loki-un-sen","9":"first","10":"instock","11":"taxable","12":"shipping-taxable","13":"purchasable","14":"product-type-simple"},"acf":[],"_links":{"self":[{"href":"https:\/\/kingarms.ee\/lv\/wp-json\/wp\/v2\/product\/143606","targetHints":{"allow":["GET"]}}],"collection":[{"href":"https:\/\/kingarms.ee\/lv\/wp-json\/wp\/v2\/product"}],"about":[{"href":"https:\/\/kingarms.ee\/lv\/wp-json\/wp\/v2\/types\/product"}],"wp:featuredmedia":[{"embeddable":true,"href":"https:\/\/kingarms.ee\/lv\/wp-json\/wp\/v2\/media\/118432"}],"wp:attachment":[{"href":"https:\/\/kingarms.ee\/lv\/wp-json\/wp\/v2\/media?parent=143606"}],"wp:term":[{"taxonomy":"product_brand","embeddable":true,"href":"https:\/\/kingarms.ee\/lv\/wp-json\/wp\/v2\/product_brand?post=143606"},{"taxonomy":"product_cat","embeddable":true,"href":"https:\/\/kingarms.ee\/lv\/wp-json\/wp\/v2\/product_cat?post=143606"},{"taxonomy":"product_tag","embeddable":true,"href":"https:\/\/kingarms.ee\/lv\/wp-json\/wp\/v2\/product_tag?post=143606"}],"curies":[{"name":"wp","href":"https:\/\/api.w.org\/{rel}","templated":true}]}}