{"id":143609,"date":"2022-04-30T08:12:20","date_gmt":"2025-01-08T15:07:36","guid":{"rendered":"https:\/\/kingarms.ee\/product\/wosport-komunikacijas-austinu-kiveres-versija-tan\/"},"modified":"2025-01-08T18:07:36","modified_gmt":"2025-01-08T15:07:36","slug":"wosport-communication-helet-helmet-persion-tan","status":"publish","type":"product","link":"https:\/\/kingarms.ee\/lv\/product\/wosport-communication-helet-helmet-persion-tan\/","title":{"rendered":"Wosport komunik\u0101cijas austi\u0146u \u0137iveres versija Tan"},"content":{"rendered":"","protected":false},"excerpt":{"rendered":"<p>Wosport komunik\u0101cijas austi\u0146u \u0137iveres versija Tan<\/p>\n<p>Komunik\u0101cijas austi\u0146u \u0137iveres versija<br \/>\nMateri\u0101li: abs un ska\u0146as izol\u0101cijas kokvilna<br \/>\nPar \u0137iveres dzelzce\u013ca stiprin\u0101jumu<br \/>\nNo\u0146emamu mikrofonu, var uzst\u0101d\u012bt kreisaj\u0101 vai labaj\u0101 pus\u0113<br \/>\nMikrofona le\u0146\u0137is regul\u0113jams<br \/>\nPTT nav iek\u013cauts<br \/>\nBR\u012aDIN\u0100JUMS: nav trok\u0161\u0146a samazin\u0101\u0161anas versijas<br \/>\nPiem\u0113rots galvas cirumferenc\u0113m no 52 cm l\u012bdz 64 cm<br \/>\nSvars 360G<\/p>\n","protected":false},"featured_media":118426,"template":"","meta":{"_acf_changed":false},"product_brand":[],"product_cat":[1122],"product_tag":[],"class_list":{"0":"post-143609","1":"product","2":"type-product","3":"status-publish","4":"has-post-thumbnail","6":"product_cat-radio-lv","8":"first","9":"instock","10":"sale","11":"taxable","12":"shipping-taxable","13":"purchasable","14":"product-type-simple"},"acf":[],"_links":{"self":[{"href":"https:\/\/kingarms.ee\/lv\/wp-json\/wp\/v2\/product\/143609","targetHints":{"allow":["GET"]}}],"collection":[{"href":"https:\/\/kingarms.ee\/lv\/wp-json\/wp\/v2\/product"}],"about":[{"href":"https:\/\/kingarms.ee\/lv\/wp-json\/wp\/v2\/types\/product"}],"wp:featuredmedia":[{"embeddable":true,"href":"https:\/\/kingarms.ee\/lv\/wp-json\/wp\/v2\/media\/118426"}],"wp:attachment":[{"href":"https:\/\/kingarms.ee\/lv\/wp-json\/wp\/v2\/media?parent=143609"}],"wp:term":[{"taxonomy":"product_brand","embeddable":true,"href":"https:\/\/kingarms.ee\/lv\/wp-json\/wp\/v2\/product_brand?post=143609"},{"taxonomy":"product_cat","embeddable":true,"href":"https:\/\/kingarms.ee\/lv\/wp-json\/wp\/v2\/product_cat?post=143609"},{"taxonomy":"product_tag","embeddable":true,"href":"https:\/\/kingarms.ee\/lv\/wp-json\/wp\/v2\/product_tag?post=143609"}],"curies":[{"name":"wp","href":"https:\/\/api.w.org\/{rel}","templated":true}]}}