{"id":143618,"date":"2022-04-30T07:49:07","date_gmt":"2025-01-08T15:14:34","guid":{"rendered":"https:\/\/kingarms.ee\/product\/js-tactical-bonnie-hat-green-l\/"},"modified":"2025-01-08T18:14:34","modified_gmt":"2025-01-08T15:14:34","slug":"js-taktiski-bonnie-hat-zreen-l","status":"publish","type":"product","link":"https:\/\/kingarms.ee\/lv\/product\/js-taktiski-bonnie-hat-zreen-l\/","title":{"rendered":"Js-tactical Bonnie Hat Green L"},"content":{"rendered":"","protected":false},"excerpt":{"rendered":"<p>Js-tactical Bonnie Hat Green L<\/p>\n<p>65% poliestera, 35% kokvilnas<br \/>\n4 pretdz\u012bves ventil\u0101cijas caurumi<br \/>\nGrupa aksesu\u0101riem<br \/>\nPiel\u0101go\u0161anas elast\u012bgs<br \/>\nLiela izm\u0113ra<br \/>\nZa\u013c\u0101 kr\u0101sa<\/p>\n","protected":false},"featured_media":118408,"template":"","meta":{"_acf_changed":false},"product_brand":[],"product_cat":[1091],"product_tag":[],"class_list":{"0":"post-143618","1":"product","2":"type-product","3":"status-publish","4":"has-post-thumbnail","6":"product_cat-balaklava-cepures","8":"first","9":"instock","10":"taxable","11":"shipping-taxable","12":"purchasable","13":"product-type-simple"},"acf":[],"_links":{"self":[{"href":"https:\/\/kingarms.ee\/lv\/wp-json\/wp\/v2\/product\/143618","targetHints":{"allow":["GET"]}}],"collection":[{"href":"https:\/\/kingarms.ee\/lv\/wp-json\/wp\/v2\/product"}],"about":[{"href":"https:\/\/kingarms.ee\/lv\/wp-json\/wp\/v2\/types\/product"}],"wp:featuredmedia":[{"embeddable":true,"href":"https:\/\/kingarms.ee\/lv\/wp-json\/wp\/v2\/media\/118408"}],"wp:attachment":[{"href":"https:\/\/kingarms.ee\/lv\/wp-json\/wp\/v2\/media?parent=143618"}],"wp:term":[{"taxonomy":"product_brand","embeddable":true,"href":"https:\/\/kingarms.ee\/lv\/wp-json\/wp\/v2\/product_brand?post=143618"},{"taxonomy":"product_cat","embeddable":true,"href":"https:\/\/kingarms.ee\/lv\/wp-json\/wp\/v2\/product_cat?post=143618"},{"taxonomy":"product_tag","embeddable":true,"href":"https:\/\/kingarms.ee\/lv\/wp-json\/wp\/v2\/product_tag?post=143618"}],"curies":[{"name":"wp","href":"https:\/\/api.w.org\/{rel}","templated":true}]}}