{"id":143621,"date":"2022-04-29T14:01:11","date_gmt":"2025-01-08T15:16:57","guid":{"rendered":"https:\/\/kingarms.ee\/product\/karaliskas-universalas-jostas-maksts-melns\/"},"modified":"2025-01-08T18:16:57","modified_gmt":"2025-01-08T15:16:57","slug":"karala-un-universala-belt-holster-melns","status":"publish","type":"product","link":"https:\/\/kingarms.ee\/lv\/product\/karala-un-universala-belt-holster-melns\/","title":{"rendered":"Karalisk\u0101s univers\u0101l\u0101s jostas maksts melns"},"content":{"rendered":"","protected":false},"excerpt":{"rendered":"<p>Karalisk\u0101s univers\u0101l\u0101s jostas maksts melns<\/p>\n<p>Univers\u0101l\u0101 jostas holsteradjuple tikai aug\u0161\u0113j\u0101 ClosureMax izm\u0113ros: platums 107 mm augstums 188 mm dzi\u013cums 36mmsitable gan lab\u0101s, gan kreis\u0101s rokas kr\u0101sas kr\u0101sai<\/p>\n","protected":false},"featured_media":118334,"template":"","meta":{"_acf_changed":false},"product_brand":[],"product_cat":[1026],"product_tag":[],"class_list":{"0":"post-143621","1":"product","2":"type-product","3":"status-publish","4":"has-post-thumbnail","6":"product_cat-barkstisti","8":"first","9":"instock","10":"purchasable","11":"product-type-simple"},"acf":[],"_links":{"self":[{"href":"https:\/\/kingarms.ee\/lv\/wp-json\/wp\/v2\/product\/143621","targetHints":{"allow":["GET"]}}],"collection":[{"href":"https:\/\/kingarms.ee\/lv\/wp-json\/wp\/v2\/product"}],"about":[{"href":"https:\/\/kingarms.ee\/lv\/wp-json\/wp\/v2\/types\/product"}],"wp:featuredmedia":[{"embeddable":true,"href":"https:\/\/kingarms.ee\/lv\/wp-json\/wp\/v2\/media\/118334"}],"wp:attachment":[{"href":"https:\/\/kingarms.ee\/lv\/wp-json\/wp\/v2\/media?parent=143621"}],"wp:term":[{"taxonomy":"product_brand","embeddable":true,"href":"https:\/\/kingarms.ee\/lv\/wp-json\/wp\/v2\/product_brand?post=143621"},{"taxonomy":"product_cat","embeddable":true,"href":"https:\/\/kingarms.ee\/lv\/wp-json\/wp\/v2\/product_cat?post=143621"},{"taxonomy":"product_tag","embeddable":true,"href":"https:\/\/kingarms.ee\/lv\/wp-json\/wp\/v2\/product_tag?post=143621"}],"curies":[{"name":"wp","href":"https:\/\/api.w.org\/{rel}","templated":true}]}}