{"id":143622,"date":"2022-04-29T14:01:11","date_gmt":"2025-01-08T15:17:44","guid":{"rendered":"https:\/\/kingarms.ee\/product\/karaliskas-universalas-jostas-maksts-iedegums\/"},"modified":"2025-01-08T18:17:44","modified_gmt":"2025-01-08T15:17:44","slug":"karaliskas-un-universala-belt-holster-tan","status":"publish","type":"product","link":"https:\/\/kingarms.ee\/lv\/product\/karaliskas-un-universala-belt-holster-tan\/","title":{"rendered":"Karalisk\u0101s univers\u0101l\u0101s jostas maksts iedegums"},"content":{"rendered":"","protected":false},"excerpt":{"rendered":"<p>Karalisk\u0101s univers\u0101l\u0101s jostas maksts iedegums<\/p>\n<p>Univers\u0101l\u0101 jostas holsteradjup\u0113jams tikai aug\u0161\u0113j\u0101 ClosureMax izm\u0113ros: platums 107 mm augstums 188 mm dzi\u013cums 36mmsitable gan lab\u0101s, gan kreis\u0101s rokas kr\u0101sai<\/p>\n","protected":false},"featured_media":118336,"template":"","meta":{"_acf_changed":false},"product_brand":[],"product_cat":[1026],"product_tag":[],"class_list":{"0":"post-143622","1":"product","2":"type-product","3":"status-publish","4":"has-post-thumbnail","6":"product_cat-barkstisti","8":"first","9":"onbackorder","10":"product-type-simple"},"acf":[],"_links":{"self":[{"href":"https:\/\/kingarms.ee\/lv\/wp-json\/wp\/v2\/product\/143622","targetHints":{"allow":["GET"]}}],"collection":[{"href":"https:\/\/kingarms.ee\/lv\/wp-json\/wp\/v2\/product"}],"about":[{"href":"https:\/\/kingarms.ee\/lv\/wp-json\/wp\/v2\/types\/product"}],"wp:featuredmedia":[{"embeddable":true,"href":"https:\/\/kingarms.ee\/lv\/wp-json\/wp\/v2\/media\/118336"}],"wp:attachment":[{"href":"https:\/\/kingarms.ee\/lv\/wp-json\/wp\/v2\/media?parent=143622"}],"wp:term":[{"taxonomy":"product_brand","embeddable":true,"href":"https:\/\/kingarms.ee\/lv\/wp-json\/wp\/v2\/product_brand?post=143622"},{"taxonomy":"product_cat","embeddable":true,"href":"https:\/\/kingarms.ee\/lv\/wp-json\/wp\/v2\/product_cat?post=143622"},{"taxonomy":"product_tag","embeddable":true,"href":"https:\/\/kingarms.ee\/lv\/wp-json\/wp\/v2\/product_tag?post=143622"}],"curies":[{"name":"wp","href":"https:\/\/api.w.org\/{rel}","templated":true}]}}