{"id":143625,"date":"2022-04-29T14:01:11","date_gmt":"2025-01-08T15:19:00","guid":{"rendered":"https:\/\/kingarms.ee\/product\/kaenlaalune-kabuur-royal\/"},"modified":"2025-01-08T18:19:00","modified_gmt":"2025-01-08T15:19:00","slug":"kaenlaalune-kabuur-royal","status":"publish","type":"product","link":"https:\/\/kingarms.ee\/lv\/product\/kaenlaalune-kabuur-royal\/","title":{"rendered":"Kaenlaalune Kabuur Royal"},"content":{"rendered":"","protected":false},"excerpt":{"rendered":"<p>Kaenlaalune Kabuur Royal<\/p>\n<p>Corduras plecu holsteruniveral maci\u0146\u0161 ar pogas aizv\u0113r\u0161anu, izmantojot Velcro un viena \u017eurn\u0101la somi\u0146u ar Velcro ClosuredoBle Magazine Pouch ar velcro aizv\u0113r\u0161anu pret\u0113j\u0101, kas atrodas pret\u0113j\u0101, kas atrodas pret\u0113j\u0101 form\u0101t\u0101, FITOLIVE DRAB COLOR<\/p>\n","protected":false},"featured_media":118332,"template":"","meta":{"_acf_changed":false},"product_brand":[],"product_cat":[1026],"product_tag":[],"class_list":{"0":"post-143625","1":"product","2":"type-product","3":"status-publish","4":"has-post-thumbnail","6":"product_cat-barkstisti","8":"first","9":"instock","10":"purchasable","11":"product-type-simple"},"acf":[],"_links":{"self":[{"href":"https:\/\/kingarms.ee\/lv\/wp-json\/wp\/v2\/product\/143625","targetHints":{"allow":["GET"]}}],"collection":[{"href":"https:\/\/kingarms.ee\/lv\/wp-json\/wp\/v2\/product"}],"about":[{"href":"https:\/\/kingarms.ee\/lv\/wp-json\/wp\/v2\/types\/product"}],"wp:featuredmedia":[{"embeddable":true,"href":"https:\/\/kingarms.ee\/lv\/wp-json\/wp\/v2\/media\/118332"}],"wp:attachment":[{"href":"https:\/\/kingarms.ee\/lv\/wp-json\/wp\/v2\/media?parent=143625"}],"wp:term":[{"taxonomy":"product_brand","embeddable":true,"href":"https:\/\/kingarms.ee\/lv\/wp-json\/wp\/v2\/product_brand?post=143625"},{"taxonomy":"product_cat","embeddable":true,"href":"https:\/\/kingarms.ee\/lv\/wp-json\/wp\/v2\/product_cat?post=143625"},{"taxonomy":"product_tag","embeddable":true,"href":"https:\/\/kingarms.ee\/lv\/wp-json\/wp\/v2\/product_tag?post=143625"}],"curies":[{"name":"wp","href":"https:\/\/api.w.org\/{rel}","templated":true}]}}