{"id":143629,"date":"2022-04-29T14:01:11","date_gmt":"2025-01-08T15:21:32","guid":{"rendered":"https:\/\/kingarms.ee\/product\/karaliska-kompasa-maisina-iedegums\/"},"modified":"2025-01-08T18:21:32","modified_gmt":"2025-01-08T15:21:32","slug":"karala-kompasa-pouch-tan","status":"publish","type":"product","link":"https:\/\/kingarms.ee\/lv\/product\/karala-kompasa-pouch-tan\/","title":{"rendered":"Karalisk\u0101 kompasa maisi\u0146a iedegums"},"content":{"rendered":"","protected":false},"excerpt":{"rendered":"<p>Karalisk\u0101 kompasa maisi\u0146a iedegums<\/p>\n<p>COMPASS POUCHREAR MOLLE WEBBINGCLIP CLOSuredimensions 100mm X 80mm X 45mm svars 60G<\/p>\n","protected":false},"featured_media":118100,"template":"","meta":{"_acf_changed":false},"product_brand":[],"product_cat":[1104,1098],"product_tag":[],"class_list":{"0":"post-143629","1":"product","2":"type-product","3":"status-publish","4":"has-post-thumbnail","6":"product_cat-kabatas","7":"product_cat-maisini-somas-un-siksnas","9":"first","10":"instock","11":"sale","12":"purchasable","13":"product-type-simple"},"acf":[],"_links":{"self":[{"href":"https:\/\/kingarms.ee\/lv\/wp-json\/wp\/v2\/product\/143629","targetHints":{"allow":["GET"]}}],"collection":[{"href":"https:\/\/kingarms.ee\/lv\/wp-json\/wp\/v2\/product"}],"about":[{"href":"https:\/\/kingarms.ee\/lv\/wp-json\/wp\/v2\/types\/product"}],"wp:featuredmedia":[{"embeddable":true,"href":"https:\/\/kingarms.ee\/lv\/wp-json\/wp\/v2\/media\/118100"}],"wp:attachment":[{"href":"https:\/\/kingarms.ee\/lv\/wp-json\/wp\/v2\/media?parent=143629"}],"wp:term":[{"taxonomy":"product_brand","embeddable":true,"href":"https:\/\/kingarms.ee\/lv\/wp-json\/wp\/v2\/product_brand?post=143629"},{"taxonomy":"product_cat","embeddable":true,"href":"https:\/\/kingarms.ee\/lv\/wp-json\/wp\/v2\/product_cat?post=143629"},{"taxonomy":"product_tag","embeddable":true,"href":"https:\/\/kingarms.ee\/lv\/wp-json\/wp\/v2\/product_tag?post=143629"}],"curies":[{"name":"wp","href":"https:\/\/api.w.org\/{rel}","templated":true}]}}