{"id":143635,"date":"2022-04-29T14:01:11","date_gmt":"2025-01-08T15:25:11","guid":{"rendered":"https:\/\/kingarms.ee\/product\/wosport-5-56-magazine-maisins-melns\/"},"modified":"2025-01-08T18:25:11","modified_gmt":"2025-01-08T15:25:11","slug":"wosport-5-56-magazine-pouch-melle","status":"publish","type":"product","link":"https:\/\/kingarms.ee\/lv\/product\/wosport-5-56-magazine-pouch-melle\/","title":{"rendered":"Wosport 5.56 Magazine maisi\u0146\u0161 melns"},"content":{"rendered":"","protected":false},"excerpt":{"rendered":"<p>Wosport 5.56 Magazine maisi\u0146\u0161 melns<\/p>\n<p>Neilona \u0161\u0137iedra<br \/>\nMolle sist\u0113ma<br \/>\nElast\u012bgs vads<br \/>\nIzm\u0113ri mm 27 x 72 x 98<br \/>\nSvars 130g<\/p>\n","protected":false},"featured_media":118272,"template":"","meta":{"_acf_changed":false},"product_brand":[],"product_cat":[1098,1100],"product_tag":[],"class_list":{"0":"post-143635","1":"product","2":"type-product","3":"status-publish","4":"has-post-thumbnail","6":"product_cat-maisini-somas-un-siksnas","7":"product_cat-uzglabasanas-kabatas","9":"first","10":"instock","11":"purchasable","12":"product-type-simple"},"acf":[],"_links":{"self":[{"href":"https:\/\/kingarms.ee\/lv\/wp-json\/wp\/v2\/product\/143635","targetHints":{"allow":["GET"]}}],"collection":[{"href":"https:\/\/kingarms.ee\/lv\/wp-json\/wp\/v2\/product"}],"about":[{"href":"https:\/\/kingarms.ee\/lv\/wp-json\/wp\/v2\/types\/product"}],"wp:featuredmedia":[{"embeddable":true,"href":"https:\/\/kingarms.ee\/lv\/wp-json\/wp\/v2\/media\/118272"}],"wp:attachment":[{"href":"https:\/\/kingarms.ee\/lv\/wp-json\/wp\/v2\/media?parent=143635"}],"wp:term":[{"taxonomy":"product_brand","embeddable":true,"href":"https:\/\/kingarms.ee\/lv\/wp-json\/wp\/v2\/product_brand?post=143635"},{"taxonomy":"product_cat","embeddable":true,"href":"https:\/\/kingarms.ee\/lv\/wp-json\/wp\/v2\/product_cat?post=143635"},{"taxonomy":"product_tag","embeddable":true,"href":"https:\/\/kingarms.ee\/lv\/wp-json\/wp\/v2\/product_tag?post=143635"}],"curies":[{"name":"wp","href":"https:\/\/api.w.org\/{rel}","templated":true}]}}