{"id":143638,"date":"2022-04-29T14:01:03","date_gmt":"2022-04-29T11:01:03","guid":{"rendered":"https:\/\/kingarms.ee\/product\/bruni-pistoles-augseja-sausana-tuksa-pistoles-kalibrs-380-melns\/"},"modified":"2025-01-08T18:26:44","modified_gmt":"2025-01-08T15:26:44","slug":"bruni-guns-top-fire-blank-pistol-caliber-380-black","status":"publish","type":"product","link":"https:\/\/kingarms.ee\/lv\/product\/bruni-guns-top-fire-blank-pistol-caliber-380-black\/","title":{"rendered":"Bruni pistoles aug\u0161\u0113j\u0101 \u0161au\u0161ana tuk\u0161a pistoles kalibrs 380 melns"},"content":{"rendered":"","protected":false},"excerpt":{"rendered":"<p>Bruni pistoles aug\u0161\u0113j\u0101 \u0161au\u0161ana tuk\u0161a pistoles kalibrs 380 melns<\/p>\n<p>Aug\u0161\u0113j\u0101 \u0161au\u0161ana Blank Revolver6 Rounds Magazine380mm Calibersingle Actionwooden Griplength 272mm svara 1000gblack kr\u0101sa<\/p>\n","protected":false},"featured_media":152699,"template":"","meta":{"_acf_changed":false},"product_brand":[],"product_cat":[1010],"product_tag":[],"class_list":{"0":"post-143638","1":"product","2":"type-product","3":"status-publish","4":"has-post-thumbnail","6":"product_cat-starta-pistoles","8":"first","9":"instock","10":"purchasable","11":"product-type-simple"},"acf":[],"_links":{"self":[{"href":"https:\/\/kingarms.ee\/lv\/wp-json\/wp\/v2\/product\/143638","targetHints":{"allow":["GET"]}}],"collection":[{"href":"https:\/\/kingarms.ee\/lv\/wp-json\/wp\/v2\/product"}],"about":[{"href":"https:\/\/kingarms.ee\/lv\/wp-json\/wp\/v2\/types\/product"}],"wp:featuredmedia":[{"embeddable":true,"href":"https:\/\/kingarms.ee\/lv\/wp-json\/wp\/v2\/media\/152699"}],"wp:attachment":[{"href":"https:\/\/kingarms.ee\/lv\/wp-json\/wp\/v2\/media?parent=143638"}],"wp:term":[{"taxonomy":"product_brand","embeddable":true,"href":"https:\/\/kingarms.ee\/lv\/wp-json\/wp\/v2\/product_brand?post=143638"},{"taxonomy":"product_cat","embeddable":true,"href":"https:\/\/kingarms.ee\/lv\/wp-json\/wp\/v2\/product_cat?post=143638"},{"taxonomy":"product_tag","embeddable":true,"href":"https:\/\/kingarms.ee\/lv\/wp-json\/wp\/v2\/product_tag?post=143638"}],"curies":[{"name":"wp","href":"https:\/\/api.w.org\/{rel}","templated":true}]}}