{"id":143647,"date":"2022-04-29T14:01:00","date_gmt":"2025-01-08T15:32:15","guid":{"rendered":"https:\/\/kingarms.ee\/product\/karaliskas-hidratacijas-mugursoma-3-litru-iedegums\/"},"modified":"2025-01-08T18:32:15","modified_gmt":"2025-01-08T15:32:15","slug":"karaliska-hidratacija-backpack-3-literi-tan","status":"publish","type":"product","link":"https:\/\/kingarms.ee\/lv\/product\/karaliska-hidratacija-backpack-3-literi-tan\/","title":{"rendered":"Karalisk\u0101s hidrat\u0101cijas mugursoma 3 litru iedegums"},"content":{"rendered":"","protected":false},"excerpt":{"rendered":"<p>Hidat\u0101cijas mugursoma<br \/>\n600d poliesters<br \/>\n3 litru ietilp\u012bba<br \/>\n\u016adens caurules garums 106cm (60 cm \u0101rpus mugursomas)<br \/>\nRoku un plecu siksnas<br \/>\n\u0100tra atbr\u012bvo\u0161anas klipi<br \/>\nIzm\u0113ri 25x47cm (platuma x augstums)<br \/>\nSvars 450 g<\/p>\n","protected":false},"featured_media":118344,"template":"","meta":{"_acf_changed":false},"product_brand":[],"product_cat":[1098,1102],"product_tag":[],"class_list":{"0":"post-143647","1":"product","2":"type-product","3":"status-publish","4":"has-post-thumbnail","6":"product_cat-maisini-somas-un-siksnas","7":"product_cat-udens-maisini","9":"first","10":"instock","11":"purchasable","12":"product-type-simple"},"acf":[],"_links":{"self":[{"href":"https:\/\/kingarms.ee\/lv\/wp-json\/wp\/v2\/product\/143647","targetHints":{"allow":["GET"]}}],"collection":[{"href":"https:\/\/kingarms.ee\/lv\/wp-json\/wp\/v2\/product"}],"about":[{"href":"https:\/\/kingarms.ee\/lv\/wp-json\/wp\/v2\/types\/product"}],"wp:featuredmedia":[{"embeddable":true,"href":"https:\/\/kingarms.ee\/lv\/wp-json\/wp\/v2\/media\/118344"}],"wp:attachment":[{"href":"https:\/\/kingarms.ee\/lv\/wp-json\/wp\/v2\/media?parent=143647"}],"wp:term":[{"taxonomy":"product_brand","embeddable":true,"href":"https:\/\/kingarms.ee\/lv\/wp-json\/wp\/v2\/product_brand?post=143647"},{"taxonomy":"product_cat","embeddable":true,"href":"https:\/\/kingarms.ee\/lv\/wp-json\/wp\/v2\/product_cat?post=143647"},{"taxonomy":"product_tag","embeddable":true,"href":"https:\/\/kingarms.ee\/lv\/wp-json\/wp\/v2\/product_tag?post=143647"}],"curies":[{"name":"wp","href":"https:\/\/api.w.org\/{rel}","templated":true}]}}