{"id":143653,"date":"2022-04-29T14:01:00","date_gmt":"2025-01-08T15:36:13","guid":{"rendered":"https:\/\/kingarms.ee\/product\/wosport-taktiska-lidzeklu-melda-olive\/"},"modified":"2025-01-08T18:36:13","modified_gmt":"2025-01-08T15:36:13","slug":"wosport-taktiski-kajnieks","status":"publish","type":"product","link":"https:\/\/kingarms.ee\/lv\/product\/wosport-taktiski-kajnieks\/","title":{"rendered":"WOSPORT TAKTISK\u0100 L\u012aDZEK\u013bU MELDA OLIVE"},"content":{"rendered":"","protected":false},"excerpt":{"rendered":"<p>WOSPORT TAKTISK\u0100 L\u012aDZEK\u013bU MELDA OLIVE<\/p>\n<p>Taktiskais k\u0101ju maksts<br \/>\n600d Oksfordas audums<br \/>\nDaudzfiks\u0113jo\u0161i velcro punkti<br \/>\nViduk\u013ca jostas fiks\u0113\u0161ana<br \/>\nIzm\u0113ri par platumu 10 cm augstum\u0101 20 cm<\/p>\n","protected":false},"featured_media":118320,"template":"","meta":{"_acf_changed":false},"product_brand":[],"product_cat":[1026],"product_tag":[],"class_list":{"0":"post-143653","1":"product","2":"type-product","3":"status-publish","4":"has-post-thumbnail","6":"product_cat-barkstisti","8":"first","9":"instock","10":"purchasable","11":"product-type-simple"},"acf":[],"_links":{"self":[{"href":"https:\/\/kingarms.ee\/lv\/wp-json\/wp\/v2\/product\/143653","targetHints":{"allow":["GET"]}}],"collection":[{"href":"https:\/\/kingarms.ee\/lv\/wp-json\/wp\/v2\/product"}],"about":[{"href":"https:\/\/kingarms.ee\/lv\/wp-json\/wp\/v2\/types\/product"}],"wp:featuredmedia":[{"embeddable":true,"href":"https:\/\/kingarms.ee\/lv\/wp-json\/wp\/v2\/media\/118320"}],"wp:attachment":[{"href":"https:\/\/kingarms.ee\/lv\/wp-json\/wp\/v2\/media?parent=143653"}],"wp:term":[{"taxonomy":"product_brand","embeddable":true,"href":"https:\/\/kingarms.ee\/lv\/wp-json\/wp\/v2\/product_brand?post=143653"},{"taxonomy":"product_cat","embeddable":true,"href":"https:\/\/kingarms.ee\/lv\/wp-json\/wp\/v2\/product_cat?post=143653"},{"taxonomy":"product_tag","embeddable":true,"href":"https:\/\/kingarms.ee\/lv\/wp-json\/wp\/v2\/product_tag?post=143653"}],"curies":[{"name":"wp","href":"https:\/\/api.w.org\/{rel}","templated":true}]}}