{"id":143669,"date":"2022-04-29T14:01:00","date_gmt":"2025-01-08T15:43:53","guid":{"rendered":"https:\/\/kingarms.ee\/product\/royal-gun-bag-106cm-melns\/"},"modified":"2025-01-08T18:43:53","modified_gmt":"2025-01-08T15:43:53","slug":"royal-gun-bag-106cm-black","status":"publish","type":"product","link":"https:\/\/kingarms.ee\/lv\/product\/royal-gun-bag-106cm-black\/","title":{"rendered":"Royal Gun Bag 106cm melns"},"content":{"rendered":"","protected":false},"excerpt":{"rendered":"<p>Royal Gun Bag 106cm melns<\/p>\n<p>Pistoles maiss<br \/>\nPolster\u0113ta kordura<br \/>\nDubult\u0101 r\u0101v\u0113jsl\u0113dz\u0113ja sl\u0113g\u0161ana<br \/>\n1x priek\u0161\u0113j\u0101 kabata ar velcro aizdari un \u0101r\u0113jo velcro 200 mm x 180mm<br \/>\n3x priek\u0161\u0113j\u0101s kabatas ar velcro aizdari 100 mm x 150 mm<br \/>\n1x aizmugur\u0113j\u0101 caursp\u012bd\u012bg\u0101 kabata 80 mm x 55 mm<br \/>\nDivk\u0101r\u0161a siksna roku n\u0113s\u0101\u0161anai<br \/>\nPiel\u0101gojama siksna plecu n\u0113s\u0101\u0161anai<br \/>\n\u0100r\u0113jie izm\u0113ri 1060 mm x 260mm<br \/>\nIek\u0161\u0113jie izm\u0113ri 1050 mm x 240 mm<\/p>\n","protected":false},"featured_media":118036,"template":"","meta":{"_acf_changed":false},"product_brand":[],"product_cat":[1098,1059,1103],"product_tag":[],"class_list":{"0":"post-143669","1":"product","2":"type-product","3":"status-publish","4":"has-post-thumbnail","6":"product_cat-maisini-somas-un-siksnas","7":"product_cat-somas","8":"product_cat-somas-lv","10":"first","11":"instock","12":"purchasable","13":"product-type-simple"},"acf":[],"_links":{"self":[{"href":"https:\/\/kingarms.ee\/lv\/wp-json\/wp\/v2\/product\/143669","targetHints":{"allow":["GET"]}}],"collection":[{"href":"https:\/\/kingarms.ee\/lv\/wp-json\/wp\/v2\/product"}],"about":[{"href":"https:\/\/kingarms.ee\/lv\/wp-json\/wp\/v2\/types\/product"}],"wp:featuredmedia":[{"embeddable":true,"href":"https:\/\/kingarms.ee\/lv\/wp-json\/wp\/v2\/media\/118036"}],"wp:attachment":[{"href":"https:\/\/kingarms.ee\/lv\/wp-json\/wp\/v2\/media?parent=143669"}],"wp:term":[{"taxonomy":"product_brand","embeddable":true,"href":"https:\/\/kingarms.ee\/lv\/wp-json\/wp\/v2\/product_brand?post=143669"},{"taxonomy":"product_cat","embeddable":true,"href":"https:\/\/kingarms.ee\/lv\/wp-json\/wp\/v2\/product_cat?post=143669"},{"taxonomy":"product_tag","embeddable":true,"href":"https:\/\/kingarms.ee\/lv\/wp-json\/wp\/v2\/product_tag?post=143669"}],"curies":[{"name":"wp","href":"https:\/\/api.w.org\/{rel}","templated":true}]}}