{"id":143675,"date":"2022-04-29T14:01:00","date_gmt":"2025-01-08T15:46:14","guid":{"rendered":"https:\/\/kingarms.ee\/product\/karaliska-ieroca-maiss-130cm-zals\/"},"modified":"2025-01-08T18:46:14","modified_gmt":"2025-01-08T15:46:14","slug":"royal-gun-bag-130cm-green","status":"publish","type":"product","link":"https:\/\/kingarms.ee\/lv\/product\/royal-gun-bag-130cm-green\/","title":{"rendered":"Karalisk\u0101 iero\u010da maiss 130cm za\u013c\u0161"},"content":{"rendered":"","protected":false},"excerpt":{"rendered":"<p>Pistoles maiss<br \/>\nPolster\u0113ta kordura<br \/>\nDubult\u0101 r\u0101v\u0113jsl\u0113dz\u0113ja sl\u0113g\u0161ana<br \/>\n1x priek\u0161\u0113j\u0101 kabata ar velcro aizdari un \u0101r\u0113jo velcro 240 mm x 170 mm<br \/>\n3x priek\u0161\u0113j\u0101s kabatas ar velcro aizdari 90 mm x 200 mm<br \/>\n1x aizmugur\u0113j\u0101 caursp\u012bd\u012bg\u0101 kabata 80 mm x 60mm<br \/>\nDivk\u0101r\u0161a siksna roku n\u0113s\u0101\u0161anai<br \/>\nPiel\u0101gojama siksna plecu n\u0113s\u0101\u0161anai<br \/>\n\u0100r\u0113jie izm\u0113ri 1300 mm x 310 mm<br \/>\nIek\u0161\u0113j\u0101s izm\u0113ri 1250 mm x 290mm<\/p>\n","protected":false},"featured_media":118048,"template":"","meta":{"_acf_changed":false},"product_brand":[],"product_cat":[1098,1059,1103],"product_tag":[],"class_list":{"0":"post-143675","1":"product","2":"type-product","3":"status-publish","4":"has-post-thumbnail","6":"product_cat-maisini-somas-un-siksnas","7":"product_cat-somas","8":"product_cat-somas-lv","10":"first","11":"instock","12":"purchasable","13":"product-type-simple"},"acf":[],"_links":{"self":[{"href":"https:\/\/kingarms.ee\/lv\/wp-json\/wp\/v2\/product\/143675","targetHints":{"allow":["GET"]}}],"collection":[{"href":"https:\/\/kingarms.ee\/lv\/wp-json\/wp\/v2\/product"}],"about":[{"href":"https:\/\/kingarms.ee\/lv\/wp-json\/wp\/v2\/types\/product"}],"wp:featuredmedia":[{"embeddable":true,"href":"https:\/\/kingarms.ee\/lv\/wp-json\/wp\/v2\/media\/118048"}],"wp:attachment":[{"href":"https:\/\/kingarms.ee\/lv\/wp-json\/wp\/v2\/media?parent=143675"}],"wp:term":[{"taxonomy":"product_brand","embeddable":true,"href":"https:\/\/kingarms.ee\/lv\/wp-json\/wp\/v2\/product_brand?post=143675"},{"taxonomy":"product_cat","embeddable":true,"href":"https:\/\/kingarms.ee\/lv\/wp-json\/wp\/v2\/product_cat?post=143675"},{"taxonomy":"product_tag","embeddable":true,"href":"https:\/\/kingarms.ee\/lv\/wp-json\/wp\/v2\/product_tag?post=143675"}],"curies":[{"name":"wp","href":"https:\/\/api.w.org\/{rel}","templated":true}]}}