{"id":143681,"date":"2022-04-26T13:17:45","date_gmt":"2025-01-08T15:48:27","guid":{"rendered":"https:\/\/kingarms.ee\/product\/1l-udens-pudelu-nesejs-multicamo-8-lauki\/"},"modified":"2025-01-08T18:48:27","modified_gmt":"2025-01-08T15:48:27","slug":"1l-udens-putu-karjeras-multikamo-8-lauki","status":"publish","type":"product","link":"https:\/\/kingarms.ee\/lv\/product\/1l-udens-putu-karjeras-multikamo-8-lauki\/","title":{"rendered":"1L \u016bdens pude\u013cu nes\u0113js multicamo 8 lauki"},"content":{"rendered":"","protected":false},"excerpt":{"rendered":"<p>1L \u016bdens pude\u013cu nes\u0113js Multicamo 8 lauki, kas izstr\u0101d\u0101ti, lai ietilptu 1L \u016bdens pudelei, Bidon vai l\u012bdz\u012bga izm\u0113ra trauk\u0101. Savietojams ar vis\u0101m molle platform\u0101m (veste, soma, darba josta vai mugursoma).<\/p>\n","protected":false},"featured_media":117571,"template":"","meta":{"_acf_changed":false},"product_brand":[],"product_cat":[1104,1098],"product_tag":[],"class_list":{"0":"post-143681","1":"product","2":"type-product","3":"status-publish","4":"has-post-thumbnail","6":"product_cat-kabatas","7":"product_cat-maisini-somas-un-siksnas","9":"first","10":"onbackorder","11":"product-type-simple"},"acf":[],"_links":{"self":[{"href":"https:\/\/kingarms.ee\/lv\/wp-json\/wp\/v2\/product\/143681","targetHints":{"allow":["GET"]}}],"collection":[{"href":"https:\/\/kingarms.ee\/lv\/wp-json\/wp\/v2\/product"}],"about":[{"href":"https:\/\/kingarms.ee\/lv\/wp-json\/wp\/v2\/types\/product"}],"wp:featuredmedia":[{"embeddable":true,"href":"https:\/\/kingarms.ee\/lv\/wp-json\/wp\/v2\/media\/117571"}],"wp:attachment":[{"href":"https:\/\/kingarms.ee\/lv\/wp-json\/wp\/v2\/media?parent=143681"}],"wp:term":[{"taxonomy":"product_brand","embeddable":true,"href":"https:\/\/kingarms.ee\/lv\/wp-json\/wp\/v2\/product_brand?post=143681"},{"taxonomy":"product_cat","embeddable":true,"href":"https:\/\/kingarms.ee\/lv\/wp-json\/wp\/v2\/product_cat?post=143681"},{"taxonomy":"product_tag","embeddable":true,"href":"https:\/\/kingarms.ee\/lv\/wp-json\/wp\/v2\/product_tag?post=143681"}],"curies":[{"name":"wp","href":"https:\/\/api.w.org\/{rel}","templated":true}]}}