{"id":143692,"date":"2022-04-28T15:07:58","date_gmt":"2025-01-08T15:54:07","guid":{"rendered":"https:\/\/kingarms.ee\/product\/royal-plus-zala-formas-terps\/"},"modified":"2025-01-08T18:54:07","modified_gmt":"2025-01-08T15:54:07","slug":"karaliski-zals","status":"publish","type":"product","link":"https:\/\/kingarms.ee\/lv\/product\/karaliski-zals\/","title":{"rendered":"Royal Plus za\u013c\u0101 formas t\u0113rps"},"content":{"rendered":"","protected":false},"excerpt":{"rendered":"<p>Royal Plus za\u013c\u0101 formas t\u0113rps<br \/>\nRoyal Plus za\u013c\u0101 acu stila formas t\u0113rps<\/p>\n<p>Noliecies uz kr\u016b\u0161kurvja kabat\u0101m<\/p>\n<p>Velcro noz\u012bm\u012btes<\/p>\n<p>Korejie\u0161u kakls<\/p>\n<p>ZIP+Velcro atv\u0113r\u0161ana<\/p>\n<p>Papildu tur\u0113t\u0101ja kabatas uz pleciem ar \u0101r\u0113ju Velcro<\/p>\n<p>Bikses ar 8 kabat\u0101m<\/p>\n","protected":false},"featured_media":117906,"template":"","meta":{"_acf_changed":false},"product_brand":[],"product_cat":[1073],"product_tag":[],"class_list":{"0":"post-143692","1":"product","2":"type-product","3":"status-publish","4":"has-post-thumbnail","6":"product_cat-kopas","8":"first","9":"instock","10":"sale","11":"taxable","12":"shipping-taxable","13":"purchasable","14":"product-type-variable"},"acf":[],"_links":{"self":[{"href":"https:\/\/kingarms.ee\/lv\/wp-json\/wp\/v2\/product\/143692","targetHints":{"allow":["GET"]}}],"collection":[{"href":"https:\/\/kingarms.ee\/lv\/wp-json\/wp\/v2\/product"}],"about":[{"href":"https:\/\/kingarms.ee\/lv\/wp-json\/wp\/v2\/types\/product"}],"wp:featuredmedia":[{"embeddable":true,"href":"https:\/\/kingarms.ee\/lv\/wp-json\/wp\/v2\/media\/117906"}],"wp:attachment":[{"href":"https:\/\/kingarms.ee\/lv\/wp-json\/wp\/v2\/media?parent=143692"}],"wp:term":[{"taxonomy":"product_brand","embeddable":true,"href":"https:\/\/kingarms.ee\/lv\/wp-json\/wp\/v2\/product_brand?post=143692"},{"taxonomy":"product_cat","embeddable":true,"href":"https:\/\/kingarms.ee\/lv\/wp-json\/wp\/v2\/product_cat?post=143692"},{"taxonomy":"product_tag","embeddable":true,"href":"https:\/\/kingarms.ee\/lv\/wp-json\/wp\/v2\/product_tag?post=143692"}],"curies":[{"name":"wp","href":"https:\/\/api.w.org\/{rel}","templated":true}]}}