{"id":143700,"date":"2022-04-26T13:17:59","date_gmt":"2025-01-08T15:57:00","guid":{"rendered":"https:\/\/kingarms.ee\/product\/viena-punkta-flex-sling-melni-8-lauki\/"},"modified":"2025-01-08T18:57:00","modified_gmt":"2025-01-08T15:57:00","slug":"viena-punkta-flex-sing-melna-8-lauki","status":"publish","type":"product","link":"https:\/\/kingarms.ee\/lv\/product\/viena-punkta-flex-sing-melna-8-lauki\/","title":{"rendered":"Viena punkta flex Sling melni 8 lauki"},"content":{"rendered":"","protected":false},"excerpt":{"rendered":"<p>Viena punkta flex siksnas melna 8 lauki Viena punkta taktisk\u0101 siksna ar met\u0101la \u0101\u0137i, kas izgatavota no neilona, met\u0101la un polim\u0113ra ar 8 laukiem. Pieejams multicam kr\u0101s\u0101.<\/p>\n","protected":false},"featured_media":129263,"template":"","meta":{"_acf_changed":false},"product_brand":[],"product_cat":[1068],"product_tag":[],"class_list":{"0":"post-143700","1":"product","2":"type-product","3":"status-publish","4":"has-post-thumbnail","6":"product_cat-ierocu-siksnas","8":"first","9":"instock","10":"purchasable","11":"product-type-simple"},"acf":[],"_links":{"self":[{"href":"https:\/\/kingarms.ee\/lv\/wp-json\/wp\/v2\/product\/143700","targetHints":{"allow":["GET"]}}],"collection":[{"href":"https:\/\/kingarms.ee\/lv\/wp-json\/wp\/v2\/product"}],"about":[{"href":"https:\/\/kingarms.ee\/lv\/wp-json\/wp\/v2\/types\/product"}],"wp:featuredmedia":[{"embeddable":true,"href":"https:\/\/kingarms.ee\/lv\/wp-json\/wp\/v2\/media\/129263"}],"wp:attachment":[{"href":"https:\/\/kingarms.ee\/lv\/wp-json\/wp\/v2\/media?parent=143700"}],"wp:term":[{"taxonomy":"product_brand","embeddable":true,"href":"https:\/\/kingarms.ee\/lv\/wp-json\/wp\/v2\/product_brand?post=143700"},{"taxonomy":"product_cat","embeddable":true,"href":"https:\/\/kingarms.ee\/lv\/wp-json\/wp\/v2\/product_cat?post=143700"},{"taxonomy":"product_tag","embeddable":true,"href":"https:\/\/kingarms.ee\/lv\/wp-json\/wp\/v2\/product_tag?post=143700"}],"curies":[{"name":"wp","href":"https:\/\/api.w.org\/{rel}","templated":true}]}}