{"id":143748,"date":"2022-04-18T12:19:51","date_gmt":"2025-01-08T16:32:20","guid":{"rendered":"https:\/\/kingarms.ee\/product\/hm3x-palielinatajs-holosuns\/"},"modified":"2025-01-08T19:32:20","modified_gmt":"2025-01-08T16:32:20","slug":"hm3x-magnifier","status":"publish","type":"product","link":"https:\/\/kingarms.ee\/lv\/product\/hm3x-magnifier\/","title":{"rendered":"HM3X palielin\u0101t\u0101js (holosuns)"},"content":{"rendered":"","protected":false},"excerpt":{"rendered":"<p>\u0160is 3x palielin\u0101juma loupe pied\u0101v\u0101 pla\u0161u skatu lauku, pateicoties t\u0101 caursp\u012bd\u012bgajam priek\u0161\u0113jam objekt\u012bvam, nospie\u0161anai uz pusi (kreis\u0101s un lab\u0101s rokas operatoriem) un diopteru kompens\u0101cijai. Tas ir \u012bpa\u0161i piem\u0113rots vid\u0113jiem rind\u0101m un apvienojum\u0101 ar refleksu skatu (piem\u0113ram, jaudas med\u012bb\u0101m). HM3X alum\u012bnija palielin\u0101jums ar Flip un QD-Mount Holosun HM3X kalni, 3x, r\u0101mis: Torx, pamatne: picatinny \/ aud\u0113js, acu mazin\u0101\u0161ana: 70 mm, objekt\u012bva izm\u0113rs: 22 mm, ieskaitot. QD mont\u0101\u017ea un starplika, kr\u0101sa: melns, sl\u0101peklis, kas izt\u012br\u012bts par augst\u0101k\u0101m \u016bdensnecaurlaid\u012bg\u0101m, miglas un trieciena pier\u0101d\u012bjumiem, CNC precizit\u0101tes sl\u012bp\u0113t\u0101 alum\u012bnija korpuss<br \/>\nFlip-Side Funkcion\u0101l\u0101 funkcija, kas ir iesp\u0113jama ar absol\u016btu un zem\u0101ku 1\/3 CowitnessQD kron\u0161teinu un starpliku Iek\u013cauts67 sertific\u0113ts materi\u0101ls: alum\u012bnijs <\/p>\n","protected":false},"featured_media":116989,"template":"","meta":{"_acf_changed":false},"product_brand":[],"product_cat":[1029],"product_tag":[],"class_list":{"0":"post-143748","1":"product","2":"type-product","3":"status-publish","4":"has-post-thumbnail","6":"product_cat-palielinajums","8":"first","9":"onbackorder","10":"product-type-simple"},"acf":[],"_links":{"self":[{"href":"https:\/\/kingarms.ee\/lv\/wp-json\/wp\/v2\/product\/143748","targetHints":{"allow":["GET"]}}],"collection":[{"href":"https:\/\/kingarms.ee\/lv\/wp-json\/wp\/v2\/product"}],"about":[{"href":"https:\/\/kingarms.ee\/lv\/wp-json\/wp\/v2\/types\/product"}],"wp:featuredmedia":[{"embeddable":true,"href":"https:\/\/kingarms.ee\/lv\/wp-json\/wp\/v2\/media\/116989"}],"wp:attachment":[{"href":"https:\/\/kingarms.ee\/lv\/wp-json\/wp\/v2\/media?parent=143748"}],"wp:term":[{"taxonomy":"product_brand","embeddable":true,"href":"https:\/\/kingarms.ee\/lv\/wp-json\/wp\/v2\/product_brand?post=143748"},{"taxonomy":"product_cat","embeddable":true,"href":"https:\/\/kingarms.ee\/lv\/wp-json\/wp\/v2\/product_cat?post=143748"},{"taxonomy":"product_tag","embeddable":true,"href":"https:\/\/kingarms.ee\/lv\/wp-json\/wp\/v2\/product_tag?post=143748"}],"curies":[{"name":"wp","href":"https:\/\/api.w.org\/{rel}","templated":true}]}}