{"id":143749,"date":"2022-04-16T17:48:56","date_gmt":"2025-01-08T16:33:14","guid":{"rendered":"https:\/\/kingarms.ee\/product\/merka-parvietosana-14cm-x-14cm-turetajs\/"},"modified":"2025-01-08T19:33:14","modified_gmt":"2025-01-08T16:33:14","slug":"moving-mark-14cm-x-14cm-turetajs","status":"publish","type":"product","link":"https:\/\/kingarms.ee\/lv\/product\/moving-mark-14cm-x-14cm-turetajs\/","title":{"rendered":"M\u0113r\u0137a p\u0101rvieto\u0161ana + 14cm x 14cm tur\u0113t\u0101js"},"content":{"rendered":"<p>M\u0113r\u0137a p\u0101rvieto\u0161ana + 14cm x 14cm tur\u0113t\u0101js<\/p>\n<p><img loading=\"lazy\" decoding=\"async\" class=\"alignnone size-medium wp-image-42387\" src=\"https:\/\/kingarms.ee\/wp-content\/uploads\/2022\/04\/3843-300x208.png\" alt=\"\" width=\"300\" height=\"208\" srcset=\"https:\/\/kingarms.ee\/wp-content\/uploads\/2022\/04\/3843-300x208.png 300w, https:\/\/kingarms.ee\/wp-content\/uploads\/2022\/04\/3843-1024x709.png 1024w, https:\/\/kingarms.ee\/wp-content\/uploads\/2022\/04\/3843-768x532.png 768w, https:\/\/kingarms.ee\/wp-content\/uploads\/2022\/04\/3843-1536x1064.png 1536w, https:\/\/kingarms.ee\/wp-content\/uploads\/2022\/04\/3843-500x346.png 500w, https:\/\/kingarms.ee\/wp-content\/uploads\/2022\/04\/3843-150x104.png 150w, https:\/\/kingarms.ee\/wp-content\/uploads\/2022\/04\/3843.png 1600w\" sizes=\"auto, (max-width: 300px) 100vw, 300px\" \/><\/p>\n","protected":false},"excerpt":{"rendered":"<p>M\u0113r\u0137a kust\u012bba + 14cm x 14cm tur\u0113t\u0101js.<\/p>\n<p>Izm\u0113ri 63 \u00d7 34 \u00d7 17,5 cm<\/p>\n","protected":false},"featured_media":116571,"template":"","meta":{"_acf_changed":false},"product_brand":[],"product_cat":[1063],"product_tag":[],"class_list":{"0":"post-143749","1":"product","2":"type-product","3":"status-publish","4":"has-post-thumbnail","6":"product_cat-merki","8":"first","9":"instock","10":"taxable","11":"shipping-taxable","12":"purchasable","13":"product-type-simple"},"acf":[],"_links":{"self":[{"href":"https:\/\/kingarms.ee\/lv\/wp-json\/wp\/v2\/product\/143749","targetHints":{"allow":["GET"]}}],"collection":[{"href":"https:\/\/kingarms.ee\/lv\/wp-json\/wp\/v2\/product"}],"about":[{"href":"https:\/\/kingarms.ee\/lv\/wp-json\/wp\/v2\/types\/product"}],"wp:featuredmedia":[{"embeddable":true,"href":"https:\/\/kingarms.ee\/lv\/wp-json\/wp\/v2\/media\/116571"}],"wp:attachment":[{"href":"https:\/\/kingarms.ee\/lv\/wp-json\/wp\/v2\/media?parent=143749"}],"wp:term":[{"taxonomy":"product_brand","embeddable":true,"href":"https:\/\/kingarms.ee\/lv\/wp-json\/wp\/v2\/product_brand?post=143749"},{"taxonomy":"product_cat","embeddable":true,"href":"https:\/\/kingarms.ee\/lv\/wp-json\/wp\/v2\/product_cat?post=143749"},{"taxonomy":"product_tag","embeddable":true,"href":"https:\/\/kingarms.ee\/lv\/wp-json\/wp\/v2\/product_tag?post=143749"}],"curies":[{"name":"wp","href":"https:\/\/api.w.org\/{rel}","templated":true}]}}