{"id":143754,"date":"2022-04-16T17:08:08","date_gmt":"2025-01-08T16:36:09","guid":{"rendered":"https:\/\/kingarms.ee\/product\/colt-1911-zelta-izdevums-zelta-erglis\/"},"modified":"2025-01-08T19:36:09","modified_gmt":"2025-01-08T16:36:09","slug":"colt-1911-gold-edition-golden-egle","status":"publish","type":"product","link":"https:\/\/kingarms.ee\/lv\/product\/colt-1911-gold-edition-golden-egle\/","title":{"rendered":"Colt 1911 zelta izdevums (Zelta \u0113rglis)"},"content":{"rendered":"<p><img loading=\"lazy\" decoding=\"async\" class=\"alignnone size-medium wp-image-42331\" src=\"https:\/\/kingarms.ee\/wp-content\/uploads\/2022\/04\/521288b912de70c866c1b2de923300e8-300x225.jpeg\" alt=\"\" width=\"300\" height=\"225\" srcset=\"https:\/\/kingarms.ee\/wp-content\/uploads\/2022\/04\/521288b912de70c866c1b2de923300e8-300x225.jpeg 300w, https:\/\/kingarms.ee\/wp-content\/uploads\/2022\/04\/521288b912de70c866c1b2de923300e8-768x576.jpeg 768w, https:\/\/kingarms.ee\/wp-content\/uploads\/2022\/04\/521288b912de70c866c1b2de923300e8-600x450.jpeg 600w, https:\/\/kingarms.ee\/wp-content\/uploads\/2022\/04\/521288b912de70c866c1b2de923300e8-500x375.jpeg 500w, https:\/\/kingarms.ee\/wp-content\/uploads\/2022\/04\/521288b912de70c866c1b2de923300e8-150x113.jpeg 150w, https:\/\/kingarms.ee\/wp-content\/uploads\/2022\/04\/521288b912de70c866c1b2de923300e8.jpeg 800w\" sizes=\"auto, (max-width: 300px) 100vw, 300px\" \/><\/p>\n","protected":false},"excerpt":{"rendered":"<p>Colt 1911 zelta izdevums (Zelta \u0113rglis)<\/p>\n<p>Pistoles iez\u012bmes:<\/p>\n<p>Pilna met\u0101la strukt\u016bra<br \/>\nG\u0101zes sitiena sist\u0113ma<br \/>\nAr vieglu blo\u0137\u0113\u0161anu<br \/>\n25 balons<br \/>\ndivpus\u0113ja aizsardz\u012bba<br \/>\n\u0101r\u0113j\u0101 caurule ar rievu<br \/>\nRokturis ar nesl\u012bdo\u0161u tekst\u016bru<br \/>\nSvars: 885 g<br \/>\nGarums: 220 mm<br \/>\nKr\u0101sa: melna\/sarkana<br \/>\n\u0160au\u0161anas \u0101trums: ~ 300 kadri sekund\u0113\/s<\/p>\n","protected":false},"featured_media":116551,"template":"","meta":{"_acf_changed":false},"product_brand":[],"product_cat":[1000],"product_tag":[],"class_list":{"0":"post-143754","1":"product","2":"type-product","3":"status-publish","4":"has-post-thumbnail","6":"product_cat-rokas-pistoles","8":"first","9":"onbackorder","10":"taxable","11":"shipping-taxable","12":"product-type-simple"},"acf":[],"_links":{"self":[{"href":"https:\/\/kingarms.ee\/lv\/wp-json\/wp\/v2\/product\/143754","targetHints":{"allow":["GET"]}}],"collection":[{"href":"https:\/\/kingarms.ee\/lv\/wp-json\/wp\/v2\/product"}],"about":[{"href":"https:\/\/kingarms.ee\/lv\/wp-json\/wp\/v2\/types\/product"}],"wp:featuredmedia":[{"embeddable":true,"href":"https:\/\/kingarms.ee\/lv\/wp-json\/wp\/v2\/media\/116551"}],"wp:attachment":[{"href":"https:\/\/kingarms.ee\/lv\/wp-json\/wp\/v2\/media?parent=143754"}],"wp:term":[{"taxonomy":"product_brand","embeddable":true,"href":"https:\/\/kingarms.ee\/lv\/wp-json\/wp\/v2\/product_brand?post=143754"},{"taxonomy":"product_cat","embeddable":true,"href":"https:\/\/kingarms.ee\/lv\/wp-json\/wp\/v2\/product_cat?post=143754"},{"taxonomy":"product_tag","embeddable":true,"href":"https:\/\/kingarms.ee\/lv\/wp-json\/wp\/v2\/product_tag?post=143754"}],"curies":[{"name":"wp","href":"https:\/\/api.w.org\/{rel}","templated":true}]}}