{"id":143755,"date":"2022-04-16T16:47:01","date_gmt":"2025-01-08T16:36:56","guid":{"rendered":"https:\/\/kingarms.ee\/product\/colt-1911-red-edition-zelta-erglis\/"},"modified":"2025-01-08T19:36:56","modified_gmt":"2025-01-08T16:36:56","slug":"colt-1911-red-edition-golden-egle","status":"publish","type":"product","link":"https:\/\/kingarms.ee\/lv\/product\/colt-1911-red-edition-golden-egle\/","title":{"rendered":"Colt 1911 Red Edition (Zelta \u0113rglis)"},"content":{"rendered":"<p><img loading=\"lazy\" decoding=\"async\" class=\"alignnone size-medium wp-image-42314\" src=\"https:\/\/kingarms.ee\/wp-content\/uploads\/2022\/04\/1152229386_1_1200x-300x200.jpeg\" alt=\"\" width=\"300\" height=\"200\" srcset=\"https:\/\/kingarms.ee\/wp-content\/uploads\/2022\/04\/1152229386_1_1200x-300x200.jpeg 300w, https:\/\/kingarms.ee\/wp-content\/uploads\/2022\/04\/1152229386_1_1200x-1024x683.jpeg 1024w, https:\/\/kingarms.ee\/wp-content\/uploads\/2022\/04\/1152229386_1_1200x-768x512.jpeg 768w, https:\/\/kingarms.ee\/wp-content\/uploads\/2022\/04\/1152229386_1_1200x-500x333.jpeg 500w, https:\/\/kingarms.ee\/wp-content\/uploads\/2022\/04\/1152229386_1_1200x-150x100.jpeg 150w, https:\/\/kingarms.ee\/wp-content\/uploads\/2022\/04\/1152229386_1_1200x.jpeg 1200w\" sizes=\"auto, (max-width: 300px) 100vw, 300px\" \/><\/p>\n","protected":false},"excerpt":{"rendered":"<p>Colt 1911 Red Edition (Zelta \u0113rglis)<\/p>\n<p>Pistoles iez\u012bmes:<\/p>\n<p>Pilna met\u0101la strukt\u016bra<br \/>\nG\u0101zes sitiena sist\u0113ma<br \/>\nAr vieglu blo\u0137\u0113\u0161anu<br \/>\n25 balons<br \/>\ndivpus\u0113ja aizsardz\u012bba<br \/>\n\u0101r\u0113j\u0101 caurule ar rievu<br \/>\nRokturis ar nesl\u012bdo\u0161u tekst\u016bru<br \/>\nSvars: 885 g<br \/>\nGarums: 220 mm<br \/>\nKr\u0101sa: melna\/sarkana<br \/>\n\u0160au\u0161anas \u0101trums: ~ 300 kadri sekund\u0113\/s<\/p>\n","protected":false},"featured_media":116545,"template":"","meta":{"_acf_changed":false},"product_brand":[],"product_cat":[1000],"product_tag":[],"class_list":{"0":"post-143755","1":"product","2":"type-product","3":"status-publish","4":"has-post-thumbnail","6":"product_cat-rokas-pistoles","8":"first","9":"onbackorder","10":"taxable","11":"shipping-taxable","12":"product-type-simple"},"acf":[],"_links":{"self":[{"href":"https:\/\/kingarms.ee\/lv\/wp-json\/wp\/v2\/product\/143755","targetHints":{"allow":["GET"]}}],"collection":[{"href":"https:\/\/kingarms.ee\/lv\/wp-json\/wp\/v2\/product"}],"about":[{"href":"https:\/\/kingarms.ee\/lv\/wp-json\/wp\/v2\/types\/product"}],"wp:featuredmedia":[{"embeddable":true,"href":"https:\/\/kingarms.ee\/lv\/wp-json\/wp\/v2\/media\/116545"}],"wp:attachment":[{"href":"https:\/\/kingarms.ee\/lv\/wp-json\/wp\/v2\/media?parent=143755"}],"wp:term":[{"taxonomy":"product_brand","embeddable":true,"href":"https:\/\/kingarms.ee\/lv\/wp-json\/wp\/v2\/product_brand?post=143755"},{"taxonomy":"product_cat","embeddable":true,"href":"https:\/\/kingarms.ee\/lv\/wp-json\/wp\/v2\/product_cat?post=143755"},{"taxonomy":"product_tag","embeddable":true,"href":"https:\/\/kingarms.ee\/lv\/wp-json\/wp\/v2\/product_tag?post=143755"}],"curies":[{"name":"wp","href":"https:\/\/api.w.org\/{rel}","templated":true}]}}