{"id":143776,"date":"2022-04-11T12:57:48","date_gmt":"2025-01-08T16:44:39","guid":{"rendered":"https:\/\/kingarms.ee\/product\/dekorativa-katana-zs573\/"},"modified":"2025-01-08T19:44:39","modified_gmt":"2025-01-08T16:44:39","slug":"dekorativa-katana-zs573","status":"publish","type":"product","link":"https:\/\/kingarms.ee\/lv\/product\/dekorativa-katana-zs573\/","title":{"rendered":"Dekorat\u012bv\u0101 Katana ZS573"},"content":{"rendered":"","protected":false},"excerpt":{"rendered":"<p>Dekorat\u012bv\u0101 Katana ZS573<\/p>\n<p>Dekorat\u012bv\u0101 katana<br \/>\nIedvesmojoties no Night Raid&#8217;s zobena, vienreiz\u0113ja slepkava &#8211; Murasame<br \/>\nNo manga s\u0113rijas Akame Ga Kill!<br \/>\nT\u0113rauda asmens<br \/>\nKoka tsuka un ka\u0161\u0137a<br \/>\nMet\u0101la tsuba<br \/>\nKop\u0113jais garums 1000 mm (1030 mm ar \u0137abi)<br \/>\nAsmens garums 680mm<\/p>\n","protected":false},"featured_media":116393,"template":"","meta":{"_acf_changed":false},"product_brand":[],"product_cat":[1127],"product_tag":[],"class_list":{"0":"post-143776","1":"product","2":"type-product","3":"status-publish","4":"has-post-thumbnail","6":"product_cat-katana-tanto","8":"first","9":"onbackorder","10":"taxable","11":"shipping-taxable","12":"product-type-simple"},"acf":[],"_links":{"self":[{"href":"https:\/\/kingarms.ee\/lv\/wp-json\/wp\/v2\/product\/143776","targetHints":{"allow":["GET"]}}],"collection":[{"href":"https:\/\/kingarms.ee\/lv\/wp-json\/wp\/v2\/product"}],"about":[{"href":"https:\/\/kingarms.ee\/lv\/wp-json\/wp\/v2\/types\/product"}],"wp:featuredmedia":[{"embeddable":true,"href":"https:\/\/kingarms.ee\/lv\/wp-json\/wp\/v2\/media\/116393"}],"wp:attachment":[{"href":"https:\/\/kingarms.ee\/lv\/wp-json\/wp\/v2\/media?parent=143776"}],"wp:term":[{"taxonomy":"product_brand","embeddable":true,"href":"https:\/\/kingarms.ee\/lv\/wp-json\/wp\/v2\/product_brand?post=143776"},{"taxonomy":"product_cat","embeddable":true,"href":"https:\/\/kingarms.ee\/lv\/wp-json\/wp\/v2\/product_cat?post=143776"},{"taxonomy":"product_tag","embeddable":true,"href":"https:\/\/kingarms.ee\/lv\/wp-json\/wp\/v2\/product_tag?post=143776"}],"curies":[{"name":"wp","href":"https:\/\/api.w.org\/{rel}","templated":true}]}}