{"id":143780,"date":"2022-04-11T12:05:08","date_gmt":"2025-01-08T16:46:40","guid":{"rendered":"https:\/\/kingarms.ee\/product\/dekorativa-katana-ar-stendu-nogalinat-bill1\/"},"modified":"2025-01-08T19:46:40","modified_gmt":"2025-01-08T16:46:40","slug":"ornamental-katana-with-stand-kill-bill1","status":"publish","type":"product","link":"https:\/\/kingarms.ee\/lv\/product\/ornamental-katana-with-stand-kill-bill1\/","title":{"rendered":"Dekorat\u012bv\u0101 katana ar stendu (nogalin\u0101t Bill1)"},"content":{"rendered":"","protected":false},"excerpt":{"rendered":"<h2>Dekorat\u012bv\u0101 katana ar stendu (nogalin\u0101t Bill1)<\/h2>\n<p>Dekorat\u012bv\u0101 katana &#8220;L\u012bgava&#8221;, kuru iedvesmojusi Kill Bill s\u0113rija kopum\u0101 Glenght 1040mm Ganght Blade 680mm ar p\u016b\u0137a gravi koka melnu v\u0101ku ar p\u016b\u0137a grav\u012bru met\u0101la tsuba koka galda stat\u012bvu, iek\u013cauts<\/p>\n","protected":false},"featured_media":116365,"template":"","meta":{"_acf_changed":false},"product_brand":[],"product_cat":[1127],"product_tag":[],"class_list":{"0":"post-143780","1":"product","2":"type-product","3":"status-publish","4":"has-post-thumbnail","6":"product_cat-katana-tanto","8":"first","9":"outofstock","10":"taxable","11":"shipping-taxable","12":"purchasable","13":"product-type-simple"},"acf":[],"_links":{"self":[{"href":"https:\/\/kingarms.ee\/lv\/wp-json\/wp\/v2\/product\/143780","targetHints":{"allow":["GET"]}}],"collection":[{"href":"https:\/\/kingarms.ee\/lv\/wp-json\/wp\/v2\/product"}],"about":[{"href":"https:\/\/kingarms.ee\/lv\/wp-json\/wp\/v2\/types\/product"}],"wp:featuredmedia":[{"embeddable":true,"href":"https:\/\/kingarms.ee\/lv\/wp-json\/wp\/v2\/media\/116365"}],"wp:attachment":[{"href":"https:\/\/kingarms.ee\/lv\/wp-json\/wp\/v2\/media?parent=143780"}],"wp:term":[{"taxonomy":"product_brand","embeddable":true,"href":"https:\/\/kingarms.ee\/lv\/wp-json\/wp\/v2\/product_brand?post=143780"},{"taxonomy":"product_cat","embeddable":true,"href":"https:\/\/kingarms.ee\/lv\/wp-json\/wp\/v2\/product_cat?post=143780"},{"taxonomy":"product_tag","embeddable":true,"href":"https:\/\/kingarms.ee\/lv\/wp-json\/wp\/v2\/product_tag?post=143780"}],"curies":[{"name":"wp","href":"https:\/\/api.w.org\/{rel}","templated":true}]}}