{"id":143783,"date":"2022-04-11T12:01:22","date_gmt":"2025-01-08T16:47:24","guid":{"rendered":"https:\/\/kingarms.ee\/product\/dekorativa-katana-ar-stendu-z319\/"},"modified":"2025-01-08T19:47:24","modified_gmt":"2025-01-08T16:47:24","slug":"dekorativa-katana-ar-stand-z319","status":"publish","type":"product","link":"https:\/\/kingarms.ee\/lv\/product\/dekorativa-katana-ar-stand-z319\/","title":{"rendered":"Dekorat\u012bv\u0101 katana ar stendu Z319"},"content":{"rendered":"","protected":false},"excerpt":{"rendered":"<p>Dekorat\u012bv\u0101 katana ar stendu Z319<\/p>\n<p>Dekorat\u012bv\u0101 katana<br \/>\nIedvesmojoties no p\u0113d\u0113j\u0101s samuraju filmas<br \/>\nKopum\u0101 Glenght 1040mm<br \/>\nKop\u0113jais Glenght asmens 680mm<br \/>\nOglek\u013ca t\u0113rauda asmens<br \/>\nKoka melns v\u0101ks ar \u0137\u012bnie\u0161u grav\u012bru<br \/>\nKoka tsuka<br \/>\nMet\u0101la tsuba<br \/>\nKoka galda stends ir iek\u013cauts<\/p>\n","protected":false},"featured_media":116353,"template":"","meta":{"_acf_changed":false},"product_brand":[],"product_cat":[1127],"product_tag":[],"class_list":{"0":"post-143783","1":"product","2":"type-product","3":"status-publish","4":"has-post-thumbnail","6":"product_cat-katana-tanto","8":"first","9":"onbackorder","10":"taxable","11":"shipping-taxable","12":"product-type-simple"},"acf":[],"_links":{"self":[{"href":"https:\/\/kingarms.ee\/lv\/wp-json\/wp\/v2\/product\/143783","targetHints":{"allow":["GET"]}}],"collection":[{"href":"https:\/\/kingarms.ee\/lv\/wp-json\/wp\/v2\/product"}],"about":[{"href":"https:\/\/kingarms.ee\/lv\/wp-json\/wp\/v2\/types\/product"}],"wp:featuredmedia":[{"embeddable":true,"href":"https:\/\/kingarms.ee\/lv\/wp-json\/wp\/v2\/media\/116353"}],"wp:attachment":[{"href":"https:\/\/kingarms.ee\/lv\/wp-json\/wp\/v2\/media?parent=143783"}],"wp:term":[{"taxonomy":"product_brand","embeddable":true,"href":"https:\/\/kingarms.ee\/lv\/wp-json\/wp\/v2\/product_brand?post=143783"},{"taxonomy":"product_cat","embeddable":true,"href":"https:\/\/kingarms.ee\/lv\/wp-json\/wp\/v2\/product_cat?post=143783"},{"taxonomy":"product_tag","embeddable":true,"href":"https:\/\/kingarms.ee\/lv\/wp-json\/wp\/v2\/product_tag?post=143783"}],"curies":[{"name":"wp","href":"https:\/\/api.w.org\/{rel}","templated":true}]}}