{"id":143786,"date":"2022-04-11T11:54:13","date_gmt":"2025-01-08T16:50:42","guid":{"rendered":"https:\/\/kingarms.ee\/product\/dekorativa-katana-jl048\/"},"modified":"2025-01-08T19:50:42","modified_gmt":"2025-01-08T16:50:42","slug":"dekorativa-katana-jl048","status":"publish","type":"product","link":"https:\/\/kingarms.ee\/lv\/product\/dekorativa-katana-jl048\/","title":{"rendered":"Dekorat\u012bv\u0101 katana jl048"},"content":{"rendered":"","protected":false},"excerpt":{"rendered":"<p>Dekorat\u012bv\u0101 katana jl048<br \/>\nIedvesmojoties no Goemon Ishikawa katana<br \/>\nLupine III s\u0113rija<br \/>\nKoka rokturis un p\u0101rkl\u0101jums<br \/>\nMet\u0101la asmens<br \/>\nKopum\u0101 Glenght 990mm<br \/>\nLenght l\u0101psti\u0146a 675 mm<\/p>\n","protected":false},"featured_media":116335,"template":"","meta":{"_acf_changed":false},"product_brand":[],"product_cat":[1127],"product_tag":[],"class_list":{"0":"post-143786","1":"product","2":"type-product","3":"status-publish","4":"has-post-thumbnail","6":"product_cat-katana-tanto","8":"first","9":"instock","10":"taxable","11":"shipping-taxable","12":"purchasable","13":"product-type-simple"},"acf":[],"_links":{"self":[{"href":"https:\/\/kingarms.ee\/lv\/wp-json\/wp\/v2\/product\/143786","targetHints":{"allow":["GET"]}}],"collection":[{"href":"https:\/\/kingarms.ee\/lv\/wp-json\/wp\/v2\/product"}],"about":[{"href":"https:\/\/kingarms.ee\/lv\/wp-json\/wp\/v2\/types\/product"}],"wp:featuredmedia":[{"embeddable":true,"href":"https:\/\/kingarms.ee\/lv\/wp-json\/wp\/v2\/media\/116335"}],"wp:attachment":[{"href":"https:\/\/kingarms.ee\/lv\/wp-json\/wp\/v2\/media?parent=143786"}],"wp:term":[{"taxonomy":"product_brand","embeddable":true,"href":"https:\/\/kingarms.ee\/lv\/wp-json\/wp\/v2\/product_brand?post=143786"},{"taxonomy":"product_cat","embeddable":true,"href":"https:\/\/kingarms.ee\/lv\/wp-json\/wp\/v2\/product_cat?post=143786"},{"taxonomy":"product_tag","embeddable":true,"href":"https:\/\/kingarms.ee\/lv\/wp-json\/wp\/v2\/product_tag?post=143786"}],"curies":[{"name":"wp","href":"https:\/\/api.w.org\/{rel}","templated":true}]}}