{"id":143803,"date":"2022-01-04T19:50:29","date_gmt":"2025-01-10T08:34:33","guid":{"rendered":"https:\/\/kingarms.ee\/product\/glock-eu18-vorsk\/"},"modified":"2025-01-10T11:34:33","modified_gmt":"2025-01-10T08:34:33","slug":"glock-eu18-vorsk","status":"publish","type":"product","link":"https:\/\/kingarms.ee\/lv\/product\/glock-eu18-vorsk\/","title":{"rendered":"Glock Eu18 (Vorsk)"},"content":{"rendered":"<p><img loading=\"lazy\" decoding=\"async\" class=\"alignnone size-medium wp-image-34213\" src=\"https:\/\/kingarms.ee\/wp-content\/uploads\/2022\/01\/EU18-GBB-Black-Vorsk-az32391large2-300x210.png\" alt=\"\" width=\"300\" height=\"210\" srcset=\"https:\/\/kingarms.ee\/wp-content\/uploads\/2022\/01\/EU18-GBB-Black-Vorsk-az32391large2-300x210.png 300w, https:\/\/kingarms.ee\/wp-content\/uploads\/2022\/01\/EU18-GBB-Black-Vorsk-az32391large2-150x105.png 150w, https:\/\/kingarms.ee\/wp-content\/uploads\/2022\/01\/EU18-GBB-Black-Vorsk-az32391large2-500x350.png 500w, https:\/\/kingarms.ee\/wp-content\/uploads\/2022\/01\/EU18-GBB-Black-Vorsk-az32391large2-1024x717.png 1024w, https:\/\/kingarms.ee\/wp-content\/uploads\/2022\/01\/EU18-GBB-Black-Vorsk-az32391large2-768x538.png 768w, https:\/\/kingarms.ee\/wp-content\/uploads\/2022\/01\/EU18-GBB-Black-Vorsk-az32391large2.png 1400w\" sizes=\"auto, (max-width: 300px) 100vw, 300px\" \/><\/p>\n","protected":false},"excerpt":{"rendered":"<p>Glock Eu18 (Vorsk)<\/p>\n<p>Hop-Up: reguleeritav<br \/>\nTulistamisre\u017eiim: poolautomaatne ja automaatne<br \/>\nSalve maht: 21 rd<br \/>\nGarums: 220 mm<br \/>\nIek\u0161\u0113j\u0101s caurules garums: 90 mm<br \/>\nV\u012btnes garums: 14 mm CCW<br \/>\nKalibrs: 6 mm<br \/>\nMOSFET: N\u0113<br \/>\nKaal: 800 g<\/p>\n","protected":false},"featured_media":114623,"template":"","meta":{"_acf_changed":false},"product_brand":[],"product_cat":[1000],"product_tag":[],"class_list":{"0":"post-143803","1":"product","2":"type-product","3":"status-publish","4":"has-post-thumbnail","6":"product_cat-rokas-pistoles","8":"first","9":"onbackorder","10":"taxable","11":"shipping-taxable","12":"product-type-simple"},"acf":[],"_links":{"self":[{"href":"https:\/\/kingarms.ee\/lv\/wp-json\/wp\/v2\/product\/143803","targetHints":{"allow":["GET"]}}],"collection":[{"href":"https:\/\/kingarms.ee\/lv\/wp-json\/wp\/v2\/product"}],"about":[{"href":"https:\/\/kingarms.ee\/lv\/wp-json\/wp\/v2\/types\/product"}],"wp:featuredmedia":[{"embeddable":true,"href":"https:\/\/kingarms.ee\/lv\/wp-json\/wp\/v2\/media\/114623"}],"wp:attachment":[{"href":"https:\/\/kingarms.ee\/lv\/wp-json\/wp\/v2\/media?parent=143803"}],"wp:term":[{"taxonomy":"product_brand","embeddable":true,"href":"https:\/\/kingarms.ee\/lv\/wp-json\/wp\/v2\/product_brand?post=143803"},{"taxonomy":"product_cat","embeddable":true,"href":"https:\/\/kingarms.ee\/lv\/wp-json\/wp\/v2\/product_cat?post=143803"},{"taxonomy":"product_tag","embeddable":true,"href":"https:\/\/kingarms.ee\/lv\/wp-json\/wp\/v2\/product_tag?post=143803"}],"curies":[{"name":"wp","href":"https:\/\/api.w.org\/{rel}","templated":true}]}}