{"id":143807,"date":"2021-12-03T17:47:37","date_gmt":"2025-01-10T08:38:03","guid":{"rendered":"https:\/\/kingarms.ee\/product\/45bbs-videja-kapitala-uzbrucejs-as-01-salv-amoeba\/"},"modified":"2025-01-10T11:38:03","modified_gmt":"2025-01-10T08:38:03","slug":"45bbs-mm-cap-striker-as-01-order-amoeba","status":"publish","type":"product","link":"https:\/\/kingarms.ee\/lv\/product\/45bbs-mm-cap-striker-as-01-order-amoeba\/","title":{"rendered":"45BBS vid\u0113j\u0101 kapit\u0101la uzbruc\u0113js AS-01 Salv (Amoeba)"},"content":{"rendered":"<p><img loading=\"lazy\" decoding=\"async\" class=\"alignnone size-medium wp-image-33387\" src=\"https:\/\/kingarms.ee\/wp-content\/uploads\/2021\/12\/1152217514_1-300x200.jpeg\" alt=\"\" width=\"300\" height=\"200\" srcset=\"https:\/\/kingarms.ee\/wp-content\/uploads\/2021\/12\/1152217514_1-300x200.jpeg 300w, https:\/\/kingarms.ee\/wp-content\/uploads\/2021\/12\/1152217514_1-150x100.jpeg 150w, https:\/\/kingarms.ee\/wp-content\/uploads\/2021\/12\/1152217514_1-500x333.jpeg 500w, https:\/\/kingarms.ee\/wp-content\/uploads\/2021\/12\/1152217514_1-768x512.jpeg 768w, https:\/\/kingarms.ee\/wp-content\/uploads\/2021\/12\/1152217514_1.jpeg 800w\" sizes=\"auto, (max-width: 300px) 100vw, 300px\" \/><\/p>\n","protected":false},"excerpt":{"rendered":"<p>45BBS vid\u0113j\u0101 kapit\u0101la uzbruc\u0113js AS-01 Salv (Amoeba)<\/p>\n","protected":false},"featured_media":114359,"template":"","meta":{"_acf_changed":false},"product_brand":[],"product_cat":[1061],"product_tag":[],"class_list":{"0":"post-143807","1":"product","2":"type-product","3":"status-publish","4":"has-post-thumbnail","6":"product_cat-airsoft-lv","8":"first","9":"onbackorder","10":"sale","11":"taxable","12":"shipping-taxable","13":"product-type-simple"},"acf":[],"_links":{"self":[{"href":"https:\/\/kingarms.ee\/lv\/wp-json\/wp\/v2\/product\/143807","targetHints":{"allow":["GET"]}}],"collection":[{"href":"https:\/\/kingarms.ee\/lv\/wp-json\/wp\/v2\/product"}],"about":[{"href":"https:\/\/kingarms.ee\/lv\/wp-json\/wp\/v2\/types\/product"}],"wp:featuredmedia":[{"embeddable":true,"href":"https:\/\/kingarms.ee\/lv\/wp-json\/wp\/v2\/media\/114359"}],"wp:attachment":[{"href":"https:\/\/kingarms.ee\/lv\/wp-json\/wp\/v2\/media?parent=143807"}],"wp:term":[{"taxonomy":"product_brand","embeddable":true,"href":"https:\/\/kingarms.ee\/lv\/wp-json\/wp\/v2\/product_brand?post=143807"},{"taxonomy":"product_cat","embeddable":true,"href":"https:\/\/kingarms.ee\/lv\/wp-json\/wp\/v2\/product_cat?post=143807"},{"taxonomy":"product_tag","embeddable":true,"href":"https:\/\/kingarms.ee\/lv\/wp-json\/wp\/v2\/product_tag?post=143807"}],"curies":[{"name":"wp","href":"https:\/\/api.w.org\/{rel}","templated":true}]}}