{"id":143829,"date":"2021-10-14T12:51:13","date_gmt":"2021-10-14T09:51:13","guid":{"rendered":"https:\/\/kingarms.ee\/product\/saciet-pistoli-x1-9mm-retay\/"},"modified":"2025-01-10T11:52:03","modified_gmt":"2025-01-10T08:52:03","slug":"x1-9mm-reetay","status":"publish","type":"product","link":"https:\/\/kingarms.ee\/lv\/product\/x1-9mm-reetay\/","title":{"rendered":"S\u0101ciet pistoli x1 9mm (retay)"},"content":{"rendered":"<p><img loading=\"lazy\" decoding=\"async\" class=\"alignnone size-medium wp-image-32836\" src=\"https:\/\/kingarms.ee\/wp-content\/uploads\/2021\/10\/2f2daf69-3967-11e8-8487-001e67ad91cb_98d1fbe2-ad9d-11eb-8fa3-00155dd95b07-1-300x300.png\" alt=\"\" width=\"300\" height=\"300\" srcset=\"https:\/\/kingarms.ee\/wp-content\/uploads\/2021\/10\/2f2daf69-3967-11e8-8487-001e67ad91cb_98d1fbe2-ad9d-11eb-8fa3-00155dd95b07-1-300x300.png 300w, https:\/\/kingarms.ee\/wp-content\/uploads\/2021\/10\/2f2daf69-3967-11e8-8487-001e67ad91cb_98d1fbe2-ad9d-11eb-8fa3-00155dd95b07-1-150x150.png 150w, https:\/\/kingarms.ee\/wp-content\/uploads\/2021\/10\/2f2daf69-3967-11e8-8487-001e67ad91cb_98d1fbe2-ad9d-11eb-8fa3-00155dd95b07-1-500x500.png 500w, https:\/\/kingarms.ee\/wp-content\/uploads\/2021\/10\/2f2daf69-3967-11e8-8487-001e67ad91cb_98d1fbe2-ad9d-11eb-8fa3-00155dd95b07-1-1024x1024.png 1024w, https:\/\/kingarms.ee\/wp-content\/uploads\/2021\/10\/2f2daf69-3967-11e8-8487-001e67ad91cb_98d1fbe2-ad9d-11eb-8fa3-00155dd95b07-1-768x768.png 768w, https:\/\/kingarms.ee\/wp-content\/uploads\/2021\/10\/2f2daf69-3967-11e8-8487-001e67ad91cb_98d1fbe2-ad9d-11eb-8fa3-00155dd95b07-1.png 1500w\" sizes=\"auto, (max-width: 300px) 100vw, 300px\" \/><\/p>\n","protected":false},"excerpt":{"rendered":"<p>S\u0101ciet pistoli x1 9mm (retay) kalibrs 9mm p.a.k<br \/>\nPapl\u0101tes s\u0113jums 14+1<br \/>\nDro\u0161\u012bbas dro\u0161\u012bba<br \/>\nGarums 181 mm<br \/>\nAugstums 131 mm<br \/>\nSvars 830 gr<br \/>\nIzrais\u012bt vienu darb\u012bbu<br \/>\nSist\u0113mas da\u013c\u0113ji -autom\u0101tisks<\/p>\n<div>\n<p>Produkta Galvot\u0101d\u017es 3 g Gadus un coress Uztur\u0113\u0161anas laik\u0101 Bezkkkk<\/p>\n<\/div>\n","protected":false},"featured_media":152609,"template":"","meta":{"_acf_changed":false},"product_brand":[],"product_cat":[1010],"product_tag":[],"class_list":{"0":"post-143829","1":"product","2":"type-product","3":"status-publish","4":"has-post-thumbnail","6":"product_cat-starta-pistoles","8":"first","9":"instock","10":"taxable","11":"shipping-taxable","12":"purchasable","13":"product-type-simple"},"acf":[],"_links":{"self":[{"href":"https:\/\/kingarms.ee\/lv\/wp-json\/wp\/v2\/product\/143829","targetHints":{"allow":["GET"]}}],"collection":[{"href":"https:\/\/kingarms.ee\/lv\/wp-json\/wp\/v2\/product"}],"about":[{"href":"https:\/\/kingarms.ee\/lv\/wp-json\/wp\/v2\/types\/product"}],"wp:featuredmedia":[{"embeddable":true,"href":"https:\/\/kingarms.ee\/lv\/wp-json\/wp\/v2\/media\/152609"}],"wp:attachment":[{"href":"https:\/\/kingarms.ee\/lv\/wp-json\/wp\/v2\/media?parent=143829"}],"wp:term":[{"taxonomy":"product_brand","embeddable":true,"href":"https:\/\/kingarms.ee\/lv\/wp-json\/wp\/v2\/product_brand?post=143829"},{"taxonomy":"product_cat","embeddable":true,"href":"https:\/\/kingarms.ee\/lv\/wp-json\/wp\/v2\/product_cat?post=143829"},{"taxonomy":"product_tag","embeddable":true,"href":"https:\/\/kingarms.ee\/lv\/wp-json\/wp\/v2\/product_tag?post=143829"}],"curies":[{"name":"wp","href":"https:\/\/api.w.org\/{rel}","templated":true}]}}