{"id":143836,"date":"2021-07-03T15:51:12","date_gmt":"2025-01-10T08:56:22","guid":{"rendered":"https:\/\/kingarms.ee\/product\/radio-raiditaja-ladetajs-baofeng\/"},"modified":"2025-01-10T11:56:22","modified_gmt":"2025-01-10T08:56:22","slug":"radio-raiditajs-baofengs","status":"publish","type":"product","link":"https:\/\/kingarms.ee\/lv\/product\/radio-raiditajs-baofengs\/","title":{"rendered":"Radio raid\u012bt\u0101ja l\u0101d\u0113t\u0101js (Baofeng)"},"content":{"rendered":"<p><img loading=\"lazy\" decoding=\"async\" class=\"alignnone size-medium wp-image-32399\" src=\"https:\/\/kingarms.ee\/wp-content\/uploads\/2021\/07\/1152219236_1-300x200.jpg\" alt=\"\" width=\"300\" height=\"200\" srcset=\"https:\/\/kingarms.ee\/wp-content\/uploads\/2021\/07\/1152219236_1-300x200.jpg 300w, https:\/\/kingarms.ee\/wp-content\/uploads\/2021\/07\/1152219236_1-150x100.jpg 150w, https:\/\/kingarms.ee\/wp-content\/uploads\/2021\/07\/1152219236_1-500x333.jpg 500w, https:\/\/kingarms.ee\/wp-content\/uploads\/2021\/07\/1152219236_1-768x512.jpg 768w, https:\/\/kingarms.ee\/wp-content\/uploads\/2021\/07\/1152219236_1.jpg 800w\" sizes=\"auto, (max-width: 300px) 100vw, 300px\" \/><\/p>\n","protected":false},"excerpt":{"rendered":"<p>Radio raid\u012bt\u0101ja l\u0101d\u0113t\u0101js (Baofeng)<\/p>\n","protected":false},"featured_media":114133,"template":"","meta":{"_acf_changed":false},"product_brand":[],"product_cat":[1124],"product_tag":[],"class_list":{"0":"post-143836","1":"product","2":"type-product","3":"status-publish","4":"has-post-thumbnail","6":"product_cat-piederumi-lv","8":"first","9":"instock","10":"taxable","11":"shipping-taxable","12":"purchasable","13":"product-type-simple"},"acf":[],"_links":{"self":[{"href":"https:\/\/kingarms.ee\/lv\/wp-json\/wp\/v2\/product\/143836","targetHints":{"allow":["GET"]}}],"collection":[{"href":"https:\/\/kingarms.ee\/lv\/wp-json\/wp\/v2\/product"}],"about":[{"href":"https:\/\/kingarms.ee\/lv\/wp-json\/wp\/v2\/types\/product"}],"wp:featuredmedia":[{"embeddable":true,"href":"https:\/\/kingarms.ee\/lv\/wp-json\/wp\/v2\/media\/114133"}],"wp:attachment":[{"href":"https:\/\/kingarms.ee\/lv\/wp-json\/wp\/v2\/media?parent=143836"}],"wp:term":[{"taxonomy":"product_brand","embeddable":true,"href":"https:\/\/kingarms.ee\/lv\/wp-json\/wp\/v2\/product_brand?post=143836"},{"taxonomy":"product_cat","embeddable":true,"href":"https:\/\/kingarms.ee\/lv\/wp-json\/wp\/v2\/product_cat?post=143836"},{"taxonomy":"product_tag","embeddable":true,"href":"https:\/\/kingarms.ee\/lv\/wp-json\/wp\/v2\/product_tag?post=143836"}],"curies":[{"name":"wp","href":"https:\/\/api.w.org\/{rel}","templated":true}]}}