{"id":143842,"date":"2021-04-17T13:50:04","date_gmt":"2025-01-10T09:01:57","guid":{"rendered":"https:\/\/kingarms.ee\/product\/katana-wakizashi-tanto-kit-zs574set\/"},"modified":"2025-01-10T12:01:57","modified_gmt":"2025-01-10T09:01:57","slug":"katana-wakizashi-komplekts","status":"publish","type":"product","link":"https:\/\/kingarms.ee\/lv\/product\/katana-wakizashi-komplekts\/","title":{"rendered":"Katana \/ Wakizashi \/ Tanto Kit (ZS574Set)"},"content":{"rendered":"","protected":false},"excerpt":{"rendered":"<p>Katana \/ Wakizashi \/ Tanto Kit (ZS574Set)<\/p>\n<p>Katana-Wakizashi-Tanto komplekts<br \/>\nKatana kop\u0113jais garums 100 cm (asmens garums 65cm)<br \/>\nWakizash kop\u0113jais garums 78cm (asmens garums 45cm)<br \/>\nTanto kop\u0113jais garums 55cm (asmens garums 25 cm)<br \/>\nRokturis<br \/>\nB\u0101zes pl\u0101ksne ir iek\u013cauta<br \/>\nKr\u0101sa: balta<\/p>\n","protected":false},"featured_media":114075,"template":"","meta":{"_acf_changed":false},"product_brand":[],"product_cat":[1127],"product_tag":[],"class_list":{"0":"post-143842","1":"product","2":"type-product","3":"status-publish","4":"has-post-thumbnail","6":"product_cat-katana-tanto","8":"first","9":"instock","10":"taxable","11":"shipping-taxable","12":"purchasable","13":"product-type-simple"},"acf":[],"_links":{"self":[{"href":"https:\/\/kingarms.ee\/lv\/wp-json\/wp\/v2\/product\/143842","targetHints":{"allow":["GET"]}}],"collection":[{"href":"https:\/\/kingarms.ee\/lv\/wp-json\/wp\/v2\/product"}],"about":[{"href":"https:\/\/kingarms.ee\/lv\/wp-json\/wp\/v2\/types\/product"}],"wp:featuredmedia":[{"embeddable":true,"href":"https:\/\/kingarms.ee\/lv\/wp-json\/wp\/v2\/media\/114075"}],"wp:attachment":[{"href":"https:\/\/kingarms.ee\/lv\/wp-json\/wp\/v2\/media?parent=143842"}],"wp:term":[{"taxonomy":"product_brand","embeddable":true,"href":"https:\/\/kingarms.ee\/lv\/wp-json\/wp\/v2\/product_brand?post=143842"},{"taxonomy":"product_cat","embeddable":true,"href":"https:\/\/kingarms.ee\/lv\/wp-json\/wp\/v2\/product_cat?post=143842"},{"taxonomy":"product_tag","embeddable":true,"href":"https:\/\/kingarms.ee\/lv\/wp-json\/wp\/v2\/product_tag?post=143842"}],"curies":[{"name":"wp","href":"https:\/\/api.w.org\/{rel}","templated":true}]}}