{"id":143847,"date":"2021-04-17T13:10:33","date_gmt":"2025-01-10T09:04:34","guid":{"rendered":"https:\/\/kingarms.ee\/product\/tantokt-zs320\/"},"modified":"2025-01-10T12:04:34","modified_gmt":"2025-01-10T09:04:34","slug":"sens","status":"publish","type":"product","link":"https:\/\/kingarms.ee\/lv\/product\/sens\/","title":{"rendered":"Tantokt (ZS320)"},"content":{"rendered":"<p><img loading=\"lazy\" decoding=\"async\" class=\"alignnone size-medium wp-image-31982\" src=\"https:\/\/kingarms.ee\/wp-content\/uploads\/2021\/04\/set-ornamental-tanto-3-pieces-kill-bill5-300x300.jpg\" alt=\"\" width=\"300\" height=\"300\" srcset=\"https:\/\/kingarms.ee\/wp-content\/uploads\/2021\/04\/set-ornamental-tanto-3-pieces-kill-bill5-300x300.jpg 300w, https:\/\/kingarms.ee\/wp-content\/uploads\/2021\/04\/set-ornamental-tanto-3-pieces-kill-bill5-150x150.jpg 150w, https:\/\/kingarms.ee\/wp-content\/uploads\/2021\/04\/set-ornamental-tanto-3-pieces-kill-bill5-500x500.jpg 500w, https:\/\/kingarms.ee\/wp-content\/uploads\/2021\/04\/set-ornamental-tanto-3-pieces-kill-bill5-768x768.jpg 768w, https:\/\/kingarms.ee\/wp-content\/uploads\/2021\/04\/set-ornamental-tanto-3-pieces-kill-bill5.jpg 1000w\" sizes=\"auto, (max-width: 300px) 100vw, 300px\" \/><\/p>\n","protected":false},"excerpt":{"rendered":"<p>Tantokss (ZS320) Dekorat\u012bvais Tanto komplekts. Ide\u0101li d\u0101vanai.<br \/>\n3 gabali<br \/>\nKop\u0113jais garums 44cm<br \/>\nL\u0101psti\u0146as garums 27cm<br \/>\nKoka p\u0101rkl\u0101jums, kas iesai\u0146ots silikara \u0101d\u0101<br \/>\nMet\u0101ls<br \/>\nN\u0101k ar koka fermu<\/p>\n","protected":false},"featured_media":114061,"template":"","meta":{"_acf_changed":false},"product_brand":[],"product_cat":[1127],"product_tag":[],"class_list":{"0":"post-143847","1":"product","2":"type-product","3":"status-publish","4":"has-post-thumbnail","6":"product_cat-katana-tanto","8":"first","9":"instock","10":"taxable","11":"shipping-taxable","12":"purchasable","13":"product-type-simple"},"acf":[],"_links":{"self":[{"href":"https:\/\/kingarms.ee\/lv\/wp-json\/wp\/v2\/product\/143847","targetHints":{"allow":["GET"]}}],"collection":[{"href":"https:\/\/kingarms.ee\/lv\/wp-json\/wp\/v2\/product"}],"about":[{"href":"https:\/\/kingarms.ee\/lv\/wp-json\/wp\/v2\/types\/product"}],"wp:featuredmedia":[{"embeddable":true,"href":"https:\/\/kingarms.ee\/lv\/wp-json\/wp\/v2\/media\/114061"}],"wp:attachment":[{"href":"https:\/\/kingarms.ee\/lv\/wp-json\/wp\/v2\/media?parent=143847"}],"wp:term":[{"taxonomy":"product_brand","embeddable":true,"href":"https:\/\/kingarms.ee\/lv\/wp-json\/wp\/v2\/product_brand?post=143847"},{"taxonomy":"product_cat","embeddable":true,"href":"https:\/\/kingarms.ee\/lv\/wp-json\/wp\/v2\/product_cat?post=143847"},{"taxonomy":"product_tag","embeddable":true,"href":"https:\/\/kingarms.ee\/lv\/wp-json\/wp\/v2\/product_tag?post=143847"}],"curies":[{"name":"wp","href":"https:\/\/api.w.org\/{rel}","templated":true}]}}