{"id":143853,"date":"2021-04-16T17:10:52","date_gmt":"2025-01-10T09:06:48","guid":{"rendered":"https:\/\/kingarms.ee\/product\/merktiecigs-ambulatoriem-40-cm-x-40-cm\/"},"modified":"2025-01-10T12:06:48","modified_gmt":"2025-01-10T09:06:48","slug":"merka-marks-40cm-x-40cm","status":"publish","type":"product","link":"https:\/\/kingarms.ee\/lv\/product\/merka-marks-40cm-x-40cm\/","title":{"rendered":"M\u0113r\u0137tiec\u012bgs ambulatoriem (40 cm x 40 cm)"},"content":{"rendered":"<p><img loading=\"lazy\" decoding=\"async\" class=\"alignnone size-medium wp-image-31901\" src=\"https:\/\/kingarms.ee\/wp-content\/uploads\/2021\/04\/paper-target-40x40-10001-300x300.jpg\" alt=\"\" width=\"300\" height=\"300\" srcset=\"https:\/\/kingarms.ee\/wp-content\/uploads\/2021\/04\/paper-target-40x40-10001-300x300.jpg 300w, https:\/\/kingarms.ee\/wp-content\/uploads\/2021\/04\/paper-target-40x40-10001-150x150.jpg 150w, https:\/\/kingarms.ee\/wp-content\/uploads\/2021\/04\/paper-target-40x40-10001-500x500.jpg 500w, https:\/\/kingarms.ee\/wp-content\/uploads\/2021\/04\/paper-target-40x40-10001-768x768.jpg 768w, https:\/\/kingarms.ee\/wp-content\/uploads\/2021\/04\/paper-target-40x40-10001.jpg 1000w\" sizes=\"auto, (max-width: 300px) 100vw, 300px\" \/><\/p>\n","protected":false},"excerpt":{"rendered":"<p>\u0100tr\u0101s pal\u012bdz\u012bbas m\u0113r\u0137is (40 cm x 40 cm) m\u0113r\u0137i \u0101tr\u0101s pal\u012bdz\u012bbas un pistol\u0113m. Izgatavots 40cm x 40cm izm\u0113rs: kartona<\/p>\n","protected":false},"featured_media":114041,"template":"","meta":{"_acf_changed":false},"product_brand":[],"product_cat":[1063],"product_tag":[],"class_list":{"0":"post-143853","1":"product","2":"type-product","3":"status-publish","4":"has-post-thumbnail","6":"product_cat-merki","8":"first","9":"instock","10":"taxable","11":"shipping-taxable","12":"purchasable","13":"product-type-simple"},"acf":[],"_links":{"self":[{"href":"https:\/\/kingarms.ee\/lv\/wp-json\/wp\/v2\/product\/143853","targetHints":{"allow":["GET"]}}],"collection":[{"href":"https:\/\/kingarms.ee\/lv\/wp-json\/wp\/v2\/product"}],"about":[{"href":"https:\/\/kingarms.ee\/lv\/wp-json\/wp\/v2\/types\/product"}],"wp:featuredmedia":[{"embeddable":true,"href":"https:\/\/kingarms.ee\/lv\/wp-json\/wp\/v2\/media\/114041"}],"wp:attachment":[{"href":"https:\/\/kingarms.ee\/lv\/wp-json\/wp\/v2\/media?parent=143853"}],"wp:term":[{"taxonomy":"product_brand","embeddable":true,"href":"https:\/\/kingarms.ee\/lv\/wp-json\/wp\/v2\/product_brand?post=143853"},{"taxonomy":"product_cat","embeddable":true,"href":"https:\/\/kingarms.ee\/lv\/wp-json\/wp\/v2\/product_cat?post=143853"},{"taxonomy":"product_tag","embeddable":true,"href":"https:\/\/kingarms.ee\/lv\/wp-json\/wp\/v2\/product_tag?post=143853"}],"curies":[{"name":"wp","href":"https:\/\/api.w.org\/{rel}","templated":true}]}}