{"id":143858,"date":"2021-03-15T14:45:13","date_gmt":"2025-01-10T09:11:26","guid":{"rendered":"https:\/\/kingarms.ee\/product\/beretta-x2-sage-peleks-plastmasa\/"},"modified":"2025-01-10T12:11:26","modified_gmt":"2025-01-10T09:11:26","slug":"beretta-x2-salvetasku-hall-plastikust","status":"publish","type":"product","link":"https:\/\/kingarms.ee\/lv\/product\/beretta-x2-salvetasku-hall-plastikust\/","title":{"rendered":"Beretta X2 Sage &#8211; pel\u0113ks (plastmasa)"},"content":{"rendered":"<p><img loading=\"lazy\" decoding=\"async\" class=\"alignnone size-medium wp-image-31665\" src=\"https:\/\/kingarms.ee\/wp-content\/uploads\/2021\/03\/1152223043_1-300x200.jpg\" alt=\"\" width=\"300\" height=\"200\" srcset=\"https:\/\/kingarms.ee\/wp-content\/uploads\/2021\/03\/1152223043_1-300x200.jpg 300w, https:\/\/kingarms.ee\/wp-content\/uploads\/2021\/03\/1152223043_1-150x100.jpg 150w, https:\/\/kingarms.ee\/wp-content\/uploads\/2021\/03\/1152223043_1-500x333.jpg 500w, https:\/\/kingarms.ee\/wp-content\/uploads\/2021\/03\/1152223043_1-768x512.jpg 768w, https:\/\/kingarms.ee\/wp-content\/uploads\/2021\/03\/1152223043_1.jpg 800w\" sizes=\"auto, (max-width: 300px) 100vw, 300px\" \/><\/p>\n","protected":false},"excerpt":{"rendered":"<p>Beretta X2 Sala Pocket &#8211; pel\u0113ka (plastmasas) iztur\u012bga polim\u0113ra kabata Beretta tipa papl\u0101t\u0113m. Kabat\u0101 ir stiprin\u0101jums uz jostas un molle stiprin\u0101jumiem. Paplekli var no\u0146emt no kabatas, lai izmantotu molle nes\u0113ja siksnas stiprin\u0101jumu.<\/p>\n","protected":false},"featured_media":113989,"template":"","meta":{"_acf_changed":false},"product_brand":[],"product_cat":[1026],"product_tag":[],"class_list":{"0":"post-143858","1":"product","2":"type-product","3":"status-publish","4":"has-post-thumbnail","6":"product_cat-barkstisti","8":"first","9":"instock","10":"taxable","11":"shipping-taxable","12":"purchasable","13":"product-type-simple"},"acf":[],"_links":{"self":[{"href":"https:\/\/kingarms.ee\/lv\/wp-json\/wp\/v2\/product\/143858","targetHints":{"allow":["GET"]}}],"collection":[{"href":"https:\/\/kingarms.ee\/lv\/wp-json\/wp\/v2\/product"}],"about":[{"href":"https:\/\/kingarms.ee\/lv\/wp-json\/wp\/v2\/types\/product"}],"wp:featuredmedia":[{"embeddable":true,"href":"https:\/\/kingarms.ee\/lv\/wp-json\/wp\/v2\/media\/113989"}],"wp:attachment":[{"href":"https:\/\/kingarms.ee\/lv\/wp-json\/wp\/v2\/media?parent=143858"}],"wp:term":[{"taxonomy":"product_brand","embeddable":true,"href":"https:\/\/kingarms.ee\/lv\/wp-json\/wp\/v2\/product_brand?post=143858"},{"taxonomy":"product_cat","embeddable":true,"href":"https:\/\/kingarms.ee\/lv\/wp-json\/wp\/v2\/product_cat?post=143858"},{"taxonomy":"product_tag","embeddable":true,"href":"https:\/\/kingarms.ee\/lv\/wp-json\/wp\/v2\/product_tag?post=143858"}],"curies":[{"name":"wp","href":"https:\/\/api.w.org\/{rel}","templated":true}]}}