{"id":143860,"date":"2021-02-16T11:18:12","date_gmt":"2025-01-10T09:12:14","guid":{"rendered":"https:\/\/kingarms.ee\/product\/triskarsi-draudi-krosmans\/"},"modified":"2025-01-10T12:12:14","modified_gmt":"2025-01-10T09:12:14","slug":"triple-threat-crosman","status":"publish","type":"product","link":"https:\/\/kingarms.ee\/lv\/product\/triple-threat-crosman\/","title":{"rendered":"Tr\u012bsk\u0101r\u0161i draudi (Krosmans)"},"content":{"rendered":"<p><img loading=\"lazy\" decoding=\"async\" class=\"alignnone size-medium wp-image-31557\" src=\"https:\/\/kingarms.ee\/wp-content\/uploads\/2021\/02\/61DY8oLpNGL._AC_SL1500_-300x174.jpg\" alt=\"\" width=\"300\" height=\"174\" srcset=\"https:\/\/kingarms.ee\/wp-content\/uploads\/2021\/02\/61DY8oLpNGL._AC_SL1500_-300x174.jpg 300w, https:\/\/kingarms.ee\/wp-content\/uploads\/2021\/02\/61DY8oLpNGL._AC_SL1500_-150x87.jpg 150w, https:\/\/kingarms.ee\/wp-content\/uploads\/2021\/02\/61DY8oLpNGL._AC_SL1500_-500x289.jpg 500w, https:\/\/kingarms.ee\/wp-content\/uploads\/2021\/02\/61DY8oLpNGL._AC_SL1500_-1024x593.jpg 1024w, https:\/\/kingarms.ee\/wp-content\/uploads\/2021\/02\/61DY8oLpNGL._AC_SL1500_-768x444.jpg 768w, https:\/\/kingarms.ee\/wp-content\/uploads\/2021\/02\/61DY8oLpNGL._AC_SL1500_.jpg 1500w\" sizes=\"auto, (max-width: 300px) 100vw, 300px\" \/><\/p>\n","protected":false},"excerpt":{"rendered":"<p>Tr\u012bsk\u0101r\u0161ais Threa (Crosman) CO2 revolveris ar tr\u012bsk\u0101r\u0161u Crosman ar tr\u012bsk\u0101r\u0161u cauru\u013cu apmai\u0146u (BB \/ .177) CO2 da\u013c\u0113ji -utom\u0101tisko pneimatisko revolveri. Nomain\u012btas 3 &#8220;, 6&#8221; un 8 &#8220;\u0161autenes caurules (modelis: CR44TTTT) \u0160is klasiskais un stil\u012bgais revolveris var no\u0161aut 4,5 mm apa\u013co m\u0113ness vai 4,5 mm BB t\u0113rauda lode. CODE CR44TKT KALIBERS: BB t\u0113rauda bumbi\u0146as \/ 4,5 mm apa\u013c\u0101s bumbi\u0146as. : viena \/ dubult\u0101 aizsardz\u012bba: \u0101mura bloks<\/p>\n","protected":false},"featured_media":113971,"template":"","meta":{"_acf_changed":false},"product_brand":[],"product_cat":[1004,1005],"product_tag":[],"class_list":{"0":"post-143860","1":"product","2":"type-product","3":"status-publish","4":"has-post-thumbnail","6":"product_cat-lidmasinas","7":"product_cat-rokas-pistoles-lv","9":"first","10":"instock","11":"taxable","12":"shipping-taxable","13":"purchasable","14":"product-type-simple"},"acf":[],"_links":{"self":[{"href":"https:\/\/kingarms.ee\/lv\/wp-json\/wp\/v2\/product\/143860","targetHints":{"allow":["GET"]}}],"collection":[{"href":"https:\/\/kingarms.ee\/lv\/wp-json\/wp\/v2\/product"}],"about":[{"href":"https:\/\/kingarms.ee\/lv\/wp-json\/wp\/v2\/types\/product"}],"wp:featuredmedia":[{"embeddable":true,"href":"https:\/\/kingarms.ee\/lv\/wp-json\/wp\/v2\/media\/113971"}],"wp:attachment":[{"href":"https:\/\/kingarms.ee\/lv\/wp-json\/wp\/v2\/media?parent=143860"}],"wp:term":[{"taxonomy":"product_brand","embeddable":true,"href":"https:\/\/kingarms.ee\/lv\/wp-json\/wp\/v2\/product_brand?post=143860"},{"taxonomy":"product_cat","embeddable":true,"href":"https:\/\/kingarms.ee\/lv\/wp-json\/wp\/v2\/product_cat?post=143860"},{"taxonomy":"product_tag","embeddable":true,"href":"https:\/\/kingarms.ee\/lv\/wp-json\/wp\/v2\/product_tag?post=143860"}],"curies":[{"name":"wp","href":"https:\/\/api.w.org\/{rel}","templated":true}]}}