{"id":143862,"date":"2020-12-31T17:20:16","date_gmt":"2025-01-10T09:13:05","guid":{"rendered":"https:\/\/kingarms.ee\/product\/macu-uzlimes-20-mm-x-1000pc\/"},"modified":"2025-01-10T12:13:05","modified_gmt":"2025-01-10T09:13:05","slug":"marklehtede-kleepsud-20mm-x-1000tk","status":"publish","type":"product","link":"https:\/\/kingarms.ee\/lv\/product\/marklehtede-kleepsud-20mm-x-1000tk\/","title":{"rendered":"Ma\u010du uzl\u012bmes &#8211; 20 mm x 1000pc"},"content":{"rendered":"<p><img loading=\"lazy\" decoding=\"async\" class=\"alignnone size-medium wp-image-31467\" src=\"https:\/\/kingarms.ee\/wp-content\/uploads\/2020\/12\/1152227545_1-300x200.jpg\" alt=\"\" width=\"300\" height=\"200\" srcset=\"https:\/\/kingarms.ee\/wp-content\/uploads\/2020\/12\/1152227545_1-300x200.jpg 300w, https:\/\/kingarms.ee\/wp-content\/uploads\/2020\/12\/1152227545_1-150x100.jpg 150w, https:\/\/kingarms.ee\/wp-content\/uploads\/2020\/12\/1152227545_1-500x333.jpg 500w, https:\/\/kingarms.ee\/wp-content\/uploads\/2020\/12\/1152227545_1-1024x682.jpg 1024w, https:\/\/kingarms.ee\/wp-content\/uploads\/2020\/12\/1152227545_1-768x512.jpg 768w, https:\/\/kingarms.ee\/wp-content\/uploads\/2020\/12\/1152227545_1-1536x1024.jpg 1536w, https:\/\/kingarms.ee\/wp-content\/uploads\/2020\/12\/1152227545_1.jpg 2000w\" sizes=\"auto, (max-width: 300px) 100vw, 300px\" \/><\/p>\n","protected":false},"excerpt":{"rendered":"<p>Bi\u013ce\u0161u uzl\u012bmes &#8211; 20 mm x 1000pc 20 mm iPSC \u0161au\u0161anas m\u0101c\u012bt\u0101ji &#8211; 1000 gab.<\/p>\n<p><span class=\"JLqJ4b\" data-language-for-alternatives=\"et\" data-language-to-translate-into=\"en\" data-phrase-index=\"1\"><span class=\"JLqJ4b ChMk0b\" data-language-for-alternatives=\"et\" data-language-to-translate-into=\"en\" data-phrase-index=\"2\">Baltas, pa\u0161pal\u012bdz\u012bgas pastas, lai no\u0161autu 20 mm diametra iPSC m\u0113r\u0137us. 1 rullis ir 1000 gabalu. Ide\u0101li piem\u0113rots kartona un pap\u012bra m\u0113r\u0137iem. 20 mm diametrs \u013cauj m\u0113r\u0137iem palikt ilg\u0101k. It \u012bpa\u0161i, ja tr\u0101p\u012bjumi ir tuvu viens otram.    <\/span><\/span><\/p>\n","protected":false},"featured_media":113969,"template":"","meta":{"_acf_changed":false},"product_brand":[],"product_cat":[1063],"product_tag":[],"class_list":{"0":"post-143862","1":"product","2":"type-product","3":"status-publish","4":"has-post-thumbnail","6":"product_cat-merki","8":"first","9":"instock","10":"taxable","11":"shipping-taxable","12":"purchasable","13":"product-type-simple"},"acf":[],"_links":{"self":[{"href":"https:\/\/kingarms.ee\/lv\/wp-json\/wp\/v2\/product\/143862","targetHints":{"allow":["GET"]}}],"collection":[{"href":"https:\/\/kingarms.ee\/lv\/wp-json\/wp\/v2\/product"}],"about":[{"href":"https:\/\/kingarms.ee\/lv\/wp-json\/wp\/v2\/types\/product"}],"wp:featuredmedia":[{"embeddable":true,"href":"https:\/\/kingarms.ee\/lv\/wp-json\/wp\/v2\/media\/113969"}],"wp:attachment":[{"href":"https:\/\/kingarms.ee\/lv\/wp-json\/wp\/v2\/media?parent=143862"}],"wp:term":[{"taxonomy":"product_brand","embeddable":true,"href":"https:\/\/kingarms.ee\/lv\/wp-json\/wp\/v2\/product_brand?post=143862"},{"taxonomy":"product_cat","embeddable":true,"href":"https:\/\/kingarms.ee\/lv\/wp-json\/wp\/v2\/product_cat?post=143862"},{"taxonomy":"product_tag","embeddable":true,"href":"https:\/\/kingarms.ee\/lv\/wp-json\/wp\/v2\/product_tag?post=143862"}],"curies":[{"name":"wp","href":"https:\/\/api.w.org\/{rel}","templated":true}]}}