{"id":143866,"date":"2020-12-30T20:24:24","date_gmt":"2025-01-10T09:16:37","guid":{"rendered":"https:\/\/kingarms.ee\/product\/ipcs-universal-kabuur-fma\/"},"modified":"2025-01-10T12:16:37","modified_gmt":"2025-01-10T09:16:37","slug":"ipcs-universaalne-kabuur-fma","status":"publish","type":"product","link":"https:\/\/kingarms.ee\/lv\/product\/ipcs-universaalne-kabuur-fma\/","title":{"rendered":"IPCS Universal Kabuur (FMA)"},"content":{"rendered":"<p><img loading=\"lazy\" decoding=\"async\" class=\"alignnone size-medium wp-image-31404\" src=\"https:\/\/kingarms.ee\/wp-content\/uploads\/2020\/12\/1152220551_2-2-300x200.jpg\" alt=\"\" width=\"300\" height=\"200\" srcset=\"https:\/\/kingarms.ee\/wp-content\/uploads\/2020\/12\/1152220551_2-2-300x200.jpg 300w, https:\/\/kingarms.ee\/wp-content\/uploads\/2020\/12\/1152220551_2-2-150x100.jpg 150w, https:\/\/kingarms.ee\/wp-content\/uploads\/2020\/12\/1152220551_2-2-500x333.jpg 500w, https:\/\/kingarms.ee\/wp-content\/uploads\/2020\/12\/1152220551_2-2-768x512.jpg 768w, https:\/\/kingarms.ee\/wp-content\/uploads\/2020\/12\/1152220551_2-2.jpg 800w\" sizes=\"auto, (max-width: 300px) 100vw, 300px\" \/><\/p>\n","protected":false},"excerpt":{"rendered":"<p>IPCS Universal Kabuur IPSC Kabuur Sporting for Wearons.<\/p>\n<p><span class=\"JLqJ4b\" data-language-for-alternatives=\"et\" data-language-to-translate-into=\"pl\" data-phrase-index=\"1\"> <span class=\"JLqJ4b ChMk0b\" data-language-for-alternatives=\"et\" data-language-to-translate-into=\"pl\" data-phrase-index=\"2\">Izgatavots no met\u0101la un plastmasas iPSC hi-capa kopij\u0101m. M\u0101jas ir paredz\u0113ta jostai ar maksim\u0101lo platumu 40 mm, un stiprin\u0101juma augstums ir regul\u0113jams. <\/span><\/span><\/p>\n","protected":false},"featured_media":113947,"template":"","meta":{"_acf_changed":false},"product_brand":[],"product_cat":[1026],"product_tag":[],"class_list":{"0":"post-143866","1":"product","2":"type-product","3":"status-publish","4":"has-post-thumbnail","6":"product_cat-barkstisti","8":"first","9":"instock","10":"taxable","11":"shipping-taxable","12":"purchasable","13":"product-type-simple"},"acf":[],"_links":{"self":[{"href":"https:\/\/kingarms.ee\/lv\/wp-json\/wp\/v2\/product\/143866","targetHints":{"allow":["GET"]}}],"collection":[{"href":"https:\/\/kingarms.ee\/lv\/wp-json\/wp\/v2\/product"}],"about":[{"href":"https:\/\/kingarms.ee\/lv\/wp-json\/wp\/v2\/types\/product"}],"wp:featuredmedia":[{"embeddable":true,"href":"https:\/\/kingarms.ee\/lv\/wp-json\/wp\/v2\/media\/113947"}],"wp:attachment":[{"href":"https:\/\/kingarms.ee\/lv\/wp-json\/wp\/v2\/media?parent=143866"}],"wp:term":[{"taxonomy":"product_brand","embeddable":true,"href":"https:\/\/kingarms.ee\/lv\/wp-json\/wp\/v2\/product_brand?post=143866"},{"taxonomy":"product_cat","embeddable":true,"href":"https:\/\/kingarms.ee\/lv\/wp-json\/wp\/v2\/product_cat?post=143866"},{"taxonomy":"product_tag","embeddable":true,"href":"https:\/\/kingarms.ee\/lv\/wp-json\/wp\/v2\/product_tag?post=143866"}],"curies":[{"name":"wp","href":"https:\/\/api.w.org\/{rel}","templated":true}]}}