{"id":143870,"date":"2020-08-18T13:34:57","date_gmt":"2025-01-10T09:22:11","guid":{"rendered":"https:\/\/kingarms.ee\/product\/025g-markieris-bb-bio-nimrod\/"},"modified":"2025-01-10T12:22:11","modified_gmt":"2025-01-10T09:22:11","slug":"0-25g-tracer-bb-bio-nimrod","status":"publish","type":"product","link":"https:\/\/kingarms.ee\/lv\/product\/0-25g-tracer-bb-bio-nimrod\/","title":{"rendered":"0,25G mar\u0137ieris BB (Bio Nimrod)"},"content":{"rendered":"<p><a href=\"https:\/\/kingarms.ee\/wp-content\/uploads\/2020\/08\/pot-de-2000-billes-025g-bio-tracantes-verte-nimrod-p-image-163526-grande-300x200.png\"><img loading=\"lazy\" decoding=\"async\" class=\"alignnone size-medium wp-image-30910\" src=\"https:\/\/kingarms.ee\/wp-content\/uploads\/2020\/08\/pot-de-2000-billes-025g-bio-tracantes-verte-nimrod-p-image-163526-grande-300x200.png\" alt=\"\" width=\"300\" height=\"200\" srcset=\"https:\/\/kingarms.ee\/wp-content\/uploads\/2020\/08\/pot-de-2000-billes-025g-bio-tracantes-verte-nimrod-p-image-163526-grande-300x200.png 300w, https:\/\/kingarms.ee\/wp-content\/uploads\/2020\/08\/pot-de-2000-billes-025g-bio-tracantes-verte-nimrod-p-image-163526-grande-150x100.png 150w, https:\/\/kingarms.ee\/wp-content\/uploads\/2020\/08\/pot-de-2000-billes-025g-bio-tracantes-verte-nimrod-p-image-163526-grande-500x333.png 500w, https:\/\/kingarms.ee\/wp-content\/uploads\/2020\/08\/pot-de-2000-billes-025g-bio-tracantes-verte-nimrod-p-image-163526-grande-768x512.png 768w, https:\/\/kingarms.ee\/wp-content\/uploads\/2020\/08\/pot-de-2000-billes-025g-bio-tracantes-verte-nimrod-p-image-163526-grande.png 800w\" sizes=\"auto, (max-width: 300px) 100vw, 300px\" \/><\/a><\/p>\n","protected":false},"excerpt":{"rendered":"<p>0,25G mar\u0137ieris BB (Bio Nimrod) Augstas kvalit\u0101tes 0,25 g BB mar\u0137ieru bumbi\u0146as no labi zin\u0101ma ra\u017eot\u0101ja Nimrod. Lab\u0101k\u0101 izv\u0113le j\u016bsu Airsoft ierocim! Visas bumbi\u0146as kontrol\u0113 ra\u017eot\u0101js (diametrs 5,95 mm +\/- 0,005 mm). Tracer bumbi\u0146as ir gais\u0101 gais\u0101 un padara j\u016bsu Airsoft sp\u0113li v\u0113l pat\u012bkam\u0101ku tum\u0161\u0101 \/ tum\u0161aj\u0101. Lai ieg\u016btu lab\u0101kos rezult\u0101tus, izmantojiet ar\u012b mar\u0137iera trok\u0161\u0146a sl\u0101p\u0113t\u0101ju vai papl\u0101ti. Bumbu kr\u0101sa ir za\u013ca. Bund\u017e\u0101 ir 2000 BB bumbi\u0146as.<\/p>\n","protected":false},"featured_media":113880,"template":"","meta":{"_acf_changed":false},"product_brand":[],"product_cat":[1046],"product_tag":[],"class_list":{"0":"post-143870","1":"product","2":"type-product","3":"status-publish","4":"has-post-thumbnail","6":"product_cat-gaisa-mikstais-6mm","8":"first","9":"onbackorder","10":"taxable","11":"shipping-taxable","12":"product-type-simple"},"acf":[],"_links":{"self":[{"href":"https:\/\/kingarms.ee\/lv\/wp-json\/wp\/v2\/product\/143870","targetHints":{"allow":["GET"]}}],"collection":[{"href":"https:\/\/kingarms.ee\/lv\/wp-json\/wp\/v2\/product"}],"about":[{"href":"https:\/\/kingarms.ee\/lv\/wp-json\/wp\/v2\/types\/product"}],"wp:featuredmedia":[{"embeddable":true,"href":"https:\/\/kingarms.ee\/lv\/wp-json\/wp\/v2\/media\/113880"}],"wp:attachment":[{"href":"https:\/\/kingarms.ee\/lv\/wp-json\/wp\/v2\/media?parent=143870"}],"wp:term":[{"taxonomy":"product_brand","embeddable":true,"href":"https:\/\/kingarms.ee\/lv\/wp-json\/wp\/v2\/product_brand?post=143870"},{"taxonomy":"product_cat","embeddable":true,"href":"https:\/\/kingarms.ee\/lv\/wp-json\/wp\/v2\/product_cat?post=143870"},{"taxonomy":"product_tag","embeddable":true,"href":"https:\/\/kingarms.ee\/lv\/wp-json\/wp\/v2\/product_tag?post=143870"}],"curies":[{"name":"wp","href":"https:\/\/api.w.org\/{rel}","templated":true}]}}