{"id":143951,"date":"2025-01-11T15:56:23","date_gmt":"2025-01-11T13:51:51","guid":{"rendered":"https:\/\/kingarms.ee\/product\/gaisa-sautenes-borders-n-03-bremzu-mucas-gaisa-sautene-45-mm-pilna-jauda\/"},"modified":"2025-08-02T14:39:55","modified_gmt":"2025-08-02T11:39:55","slug":"gaisa-sautene-dzimusi-n-03-bremze-muca-air-rifle-4-5mm-pilna-power","status":"publish","type":"product","link":"https:\/\/kingarms.ee\/lv\/product\/gaisa-sautene-dzimusi-n-03-bremze-muca-air-rifle-4-5mm-pilna-power\/","title":{"rendered":"Gaisa \u0161autenes borders n-03 brem\u017eu mucas gaisa \u0161autene 4,5 mm pilna jauda"},"content":{"rendered":"<p>Gaisa \u0161autenes bremz\u0113t\u0101js N-03 bremzes mucas gaisa \u0161autene 4,5 mm pilna jauda Dor Dor Dor Dor Dore N-03 Air \u0161autene ir ori\u0123in\u0101ls pavasara virzu\u013ca modelis, ko izstr\u0101d\u0101jis Turcijas ra\u017eot\u0101js. \u0160auta mucai un kritiskiem iek\u0161\u0113jiem elementiem \u0161eit tika izmantots t\u0113rauds. Buttstock un kr\u0101jumi ir izgatavoti no augstas kvalit\u0101tes polim\u0113ra. Muca forma ir \u0113rta \u0161\u0101v\u0113jam. Vaigu spilventi\u0146a kl\u0101tb\u016btne uz muca \u013cauj ieg\u016bt \u0113rtu galvas st\u0101vokli, kad m\u0113r\u0137\u0113jat. T\u0113mumi ir piln\u012bb\u0101 regul\u0113jami un apr\u012bkoti ar optiku.<br \/>\nSvars 2,70 kg<br \/>\nKalibrs: .177 (4,5 mm)<br \/>\nKr\u0101sa: melns, sint\u0113tisks materi\u0101ls<br \/>\nMaksim\u0101lais \u0101trums: 305 m\/s<br \/>\nDovetail 11 mm<br \/>\nDro\u0161in\u0101t\u0101js: j\u0101<br \/>\nKadru skaits: 1<br \/>\nMuca: \u0161autene<br \/>\nPriek\u0161\u0113jais redze: ar Truglo \u0161\u0137iedru optiku<br \/>\nAizmugur\u0113jais redz\u0113jums: regul\u0113jams ar Truglo \u0161\u0137iedru optiku<br \/>\nDarb\u012bba: p\u0101rtraukumi<br \/>\nElektrostacija: pavasara virzulis<br \/>\nTaktisk\u0101 sliede 11 mm dovetail<\/p>\n","protected":false},"excerpt":{"rendered":"<p>Gaisa \u0161autenes bremz\u0113t\u0101js N-03 bremzes mucas gaisa \u0161autene 4,5 mm pilna jauda Dor Dor Dor Dor Dore N-03 Air \u0161autene ir ori\u0123in\u0101ls pavasara virzu\u013ca modelis, ko izstr\u0101d\u0101jis Turcijas ra\u017eot\u0101js. \u0160auta mucai un kritiskiem iek\u0161\u0113jiem elementiem \u0161eit tika izmantots t\u0113rauds. Buttstock un kr\u0101jumi ir izgatavoti no augstas kvalit\u0101tes polim\u0113ra. Muca forma ir \u0113rta \u0161\u0101v\u0113jam. Vaigu spilventi\u0146a kl\u0101tb\u016btne uz muca \u013cauj ieg\u016bt \u0113rtu galvas st\u0101vokli, kad m\u0113r\u0137\u0113jat. T\u0113mumi ir piln\u012bb\u0101 regul\u0113jami un apr\u012bkoti ar optiku.<br \/>\nSvars 2,70 kg<br \/>\nKalibrs: .177 (4,5 mm)<br \/>\nKr\u0101sa: melns, sint\u0113tisks materi\u0101ls<br \/>\nMaksim\u0101lais \u0101trums: 305 m\/s<br \/>\nDovetail 11 mm<br \/>\nDro\u0161in\u0101t\u0101js: j\u0101<br \/>\nKadru skaits: 1<br \/>\nMuca: \u0161autene<br \/>\nPriek\u0161\u0113jais redze: ar Truglo \u0161\u0137iedru optiku<br \/>\nAizmugur\u0113jais redz\u0113jums: regul\u0113jams ar Truglo \u0161\u0137iedru optiku<br \/>\nDarb\u012bba: p\u0101rtraukumi<br \/>\nElektrostacija: pavasara virzulis<br \/>\nTaktisk\u0101 sliede 11 mm dovetail<\/p>\n","protected":false},"featured_media":144047,"template":"","meta":{"_acf_changed":false},"product_brand":[],"product_cat":[1004,1007],"product_tag":[],"class_list":{"0":"post-143951","1":"product","2":"type-product","3":"status-publish","4":"has-post-thumbnail","6":"product_cat-lidmasinas","7":"product_cat-snaipera-pistoles-lv","9":"first","10":"instock","11":"purchasable","12":"product-type-simple"},"acf":[],"_links":{"self":[{"href":"https:\/\/kingarms.ee\/lv\/wp-json\/wp\/v2\/product\/143951","targetHints":{"allow":["GET"]}}],"collection":[{"href":"https:\/\/kingarms.ee\/lv\/wp-json\/wp\/v2\/product"}],"about":[{"href":"https:\/\/kingarms.ee\/lv\/wp-json\/wp\/v2\/types\/product"}],"wp:featuredmedia":[{"embeddable":true,"href":"https:\/\/kingarms.ee\/lv\/wp-json\/wp\/v2\/media\/144047"}],"wp:attachment":[{"href":"https:\/\/kingarms.ee\/lv\/wp-json\/wp\/v2\/media?parent=143951"}],"wp:term":[{"taxonomy":"product_brand","embeddable":true,"href":"https:\/\/kingarms.ee\/lv\/wp-json\/wp\/v2\/product_brand?post=143951"},{"taxonomy":"product_cat","embeddable":true,"href":"https:\/\/kingarms.ee\/lv\/wp-json\/wp\/v2\/product_cat?post=143951"},{"taxonomy":"product_tag","embeddable":true,"href":"https:\/\/kingarms.ee\/lv\/wp-json\/wp\/v2\/product_tag?post=143951"}],"curies":[{"name":"wp","href":"https:\/\/api.w.org\/{rel}","templated":true}]}}