{"id":143979,"date":"2025-01-11T15:56:23","date_gmt":"2025-01-11T15:29:45","guid":{"rendered":"https:\/\/kingarms.ee\/product\/gaisa-sautenes-borders-n-11-bremzu-mucas-gaisa-sautene-45-mm-75j\/"},"modified":"2025-08-02T14:43:01","modified_gmt":"2025-08-02T11:43:01","slug":"gaisa-sautene-dzimusi-n-11-bremze-muca-air-rifle-4-5mm-7-5j","status":"publish","type":"product","link":"https:\/\/kingarms.ee\/lv\/product\/gaisa-sautene-dzimusi-n-11-bremze-muca-air-rifle-4-5mm-7-5j\/","title":{"rendered":"Gaisa \u0161autenes borders N-11 brem\u017eu mucas gaisa \u0161autene 4,5 mm 7,5J"},"content":{"rendered":"<p>Gaisa \u0161autenes borders N-11 brem\u017eu mucas gaisa \u0161autene 4,5 mm 7,5J<\/p>\n","protected":false},"excerpt":{"rendered":"<p>Gaisa \u0161autenes borders N-11 brem\u017eu mucas gaisa \u0161autene 4,5 mm 7,5J<\/p>\n","protected":false},"featured_media":144065,"template":"","meta":{"_acf_changed":false},"product_brand":[],"product_cat":[1004,1007],"product_tag":[],"class_list":{"0":"post-143979","1":"product","2":"type-product","3":"status-publish","4":"has-post-thumbnail","6":"product_cat-lidmasinas","7":"product_cat-snaipera-pistoles-lv","9":"first","10":"instock","11":"purchasable","12":"product-type-simple"},"acf":[],"_links":{"self":[{"href":"https:\/\/kingarms.ee\/lv\/wp-json\/wp\/v2\/product\/143979","targetHints":{"allow":["GET"]}}],"collection":[{"href":"https:\/\/kingarms.ee\/lv\/wp-json\/wp\/v2\/product"}],"about":[{"href":"https:\/\/kingarms.ee\/lv\/wp-json\/wp\/v2\/types\/product"}],"wp:featuredmedia":[{"embeddable":true,"href":"https:\/\/kingarms.ee\/lv\/wp-json\/wp\/v2\/media\/144065"}],"wp:attachment":[{"href":"https:\/\/kingarms.ee\/lv\/wp-json\/wp\/v2\/media?parent=143979"}],"wp:term":[{"taxonomy":"product_brand","embeddable":true,"href":"https:\/\/kingarms.ee\/lv\/wp-json\/wp\/v2\/product_brand?post=143979"},{"taxonomy":"product_cat","embeddable":true,"href":"https:\/\/kingarms.ee\/lv\/wp-json\/wp\/v2\/product_cat?post=143979"},{"taxonomy":"product_tag","embeddable":true,"href":"https:\/\/kingarms.ee\/lv\/wp-json\/wp\/v2\/product_tag?post=143979"}],"curies":[{"name":"wp","href":"https:\/\/api.w.org\/{rel}","templated":true}]}}