{"id":144102,"date":"2025-01-11T15:56:23","date_gmt":"2025-01-23T17:30:21","guid":{"rendered":"https:\/\/kingarms.ee\/product\/gaisa-sautenes-bremzes-n-01-s-bremzu-mucas-gaisa-sautene-45-mm-pilna-jauda\/"},"modified":"2025-08-02T14:44:30","modified_gmt":"2025-08-02T11:44:30","slug":"gaisa-sautenes-bremzes-n-01-s-bremzu-mucas-gaisa-sautene-45-mm-pilna-jauda","status":"publish","type":"product","link":"https:\/\/kingarms.ee\/lv\/product\/gaisa-sautenes-bremzes-n-01-s-bremzu-mucas-gaisa-sautene-45-mm-pilna-jauda\/","title":{"rendered":"Gaisa \u0161autenes bremzes n-01 s brem\u017eu mucas gaisa \u0161autene 4,5 mm pilna jauda"},"content":{"rendered":"<p>Gaisa \u0161autenes bremzes n-01 s brem\u017eu mucas gaisa \u0161autene 4,5 mm pilna jaudas \u0161autene n-01 s stipr\u0101kai un \u0113rt\u0101kai tur\u0113\u0161anai, kr\u0101jumam un pistoles sa\u0137erei ir gofr\u0113ti iegriezumi. Tas pal\u012bdz nov\u0113rst palmu sl\u012bd\u0113\u0161anu. Pistoles aizmugur\u0113 ir gumijas muca, kas ar\u012b tiek ventil\u0113ts. Tas absorb\u0113 l\u012bdz 60% no visiem atsitieniem. Muca aug\u0161\u0113j\u0101 pus\u0113 ir divpus\u0113js vaiga spilventi\u0146\u0161. Pateicoties tam, to b\u016bs \u0113rti izmantot gan lab\u0113jie, gan kreisie-kreisie. \u0160autenei ir autom\u0101tiska dro\u0161\u012bba, lai nov\u0113rstu nejau\u0161u \u0161au\u0161anu. Pistoles muca ir izgatavota no iero\u010da t\u0113rauda un p\u0101rkl\u0101ta ar bl\u016bzi. Gulta ir izgatavota no plastmasas. Lai m\u0113r\u0137\u0113tu, \u0161autenei ir priek\u0161\u0113jais redz\u0113jums un regul\u0113jama josla. Ir iesp\u0113jams uzst\u0101d\u012bt optisko skatu, jo \u0161autenei ir balodis (11 mm). Tips: pavasara virzu\u013ca pneimatisks. Kalibrs: 4,5 mm (.177). \u0100trums: l\u012bdz 240 m\/s. Mucas tips: \u0161autene. L\u0101di\u0146u skaits: 1. \u0160au\u0161anas re\u017e\u012bms: viens. Jaudas avots: spoles pavasaris. Purna ener\u0123ija: 17 J. Garums: 1150 mm. Svars: 2,7 kg.<\/p>\n","protected":false},"excerpt":{"rendered":"<p>Gaisa \u0161autenes bremzes n-01 s brem\u017eu mucas gaisa \u0161autene 4,5 mm pilna jaudas \u0161autene n-01 s stipr\u0101kai un \u0113rt\u0101kai tur\u0113\u0161anai, kr\u0101jumam un pistoles sa\u0137erei ir gofr\u0113ti iegriezumi. Tas pal\u012bdz nov\u0113rst palmu sl\u012bd\u0113\u0161anu. Pistoles aizmugur\u0113 ir gumijas muca, kas ar\u012b tiek ventil\u0113ts. Tas absorb\u0113 l\u012bdz 60% no visiem atsitieniem. Muca aug\u0161\u0113j\u0101 pus\u0113 ir divpus\u0113js vaiga spilventi\u0146\u0161. Pateicoties tam, to b\u016bs \u0113rti izmantot gan lab\u0113jie, gan kreisie-kreisie. \u0160autenei ir autom\u0101tiska dro\u0161\u012bba, lai nov\u0113rstu nejau\u0161u \u0161au\u0161anu. Pistoles muca ir izgatavota no iero\u010da t\u0113rauda un p\u0101rkl\u0101ta ar bl\u016bzi. Gulta ir izgatavota no plastmasas. Lai m\u0113r\u0137\u0113tu, \u0161autenei ir priek\u0161\u0113jais redz\u0113jums un regul\u0113jama josla. Ir iesp\u0113jams uzst\u0101d\u012bt optisko skatu, jo \u0161autenei ir balodis (11 mm). Tips: pavasara virzu\u013ca pneimatisks. Kalibrs: 4,5 mm (.177). \u0100trums: l\u012bdz 240 m\/s. Mucas tips: \u0161autene. L\u0101di\u0146u skaits: 1. \u0160au\u0161anas re\u017e\u012bms: viens. Jaudas avots: spoles pavasaris. Purna ener\u0123ija: 17 J. Garums: 1150 mm. Svars: 2,7 kg.<\/p>\n","protected":false},"featured_media":144041,"template":"","meta":{"_acf_changed":false},"product_brand":[],"product_cat":[1004,1007],"product_tag":[],"class_list":{"0":"post-144102","1":"product","2":"type-product","3":"status-publish","4":"has-post-thumbnail","6":"product_cat-lidmasinas","7":"product_cat-snaipera-pistoles-lv","9":"first","10":"instock","11":"purchasable","12":"product-type-simple"},"acf":[],"_links":{"self":[{"href":"https:\/\/kingarms.ee\/lv\/wp-json\/wp\/v2\/product\/144102","targetHints":{"allow":["GET"]}}],"collection":[{"href":"https:\/\/kingarms.ee\/lv\/wp-json\/wp\/v2\/product"}],"about":[{"href":"https:\/\/kingarms.ee\/lv\/wp-json\/wp\/v2\/types\/product"}],"wp:featuredmedia":[{"embeddable":true,"href":"https:\/\/kingarms.ee\/lv\/wp-json\/wp\/v2\/media\/144041"}],"wp:attachment":[{"href":"https:\/\/kingarms.ee\/lv\/wp-json\/wp\/v2\/media?parent=144102"}],"wp:term":[{"taxonomy":"product_brand","embeddable":true,"href":"https:\/\/kingarms.ee\/lv\/wp-json\/wp\/v2\/product_brand?post=144102"},{"taxonomy":"product_cat","embeddable":true,"href":"https:\/\/kingarms.ee\/lv\/wp-json\/wp\/v2\/product_cat?post=144102"},{"taxonomy":"product_tag","embeddable":true,"href":"https:\/\/kingarms.ee\/lv\/wp-json\/wp\/v2\/product_tag?post=144102"}],"curies":[{"name":"wp","href":"https:\/\/api.w.org\/{rel}","templated":true}]}}