{"id":144103,"date":"2025-01-11T15:56:23","date_gmt":"2025-01-23T17:31:02","guid":{"rendered":"https:\/\/kingarms.ee\/product\/gaisa-sautenes-borders-n-05-bremzu-mucas-gaisa-sautene-45-mm-pilna-jauda\/"},"modified":"2025-08-02T14:45:22","modified_gmt":"2025-08-02T11:45:22","slug":"gaisa-sautenes-borders-n-05-bremzu-mucas-gaisa-sautene-45-mm-pilna-jauda","status":"publish","type":"product","link":"https:\/\/kingarms.ee\/lv\/product\/gaisa-sautenes-borders-n-05-bremzu-mucas-gaisa-sautene-45-mm-pilna-jauda\/","title":{"rendered":"Gaisa \u0161autenes borders n-05 brem\u017eu mucas gaisa \u0161autene 4,5 mm pilna jauda"},"content":{"rendered":"<p>Gaisa \u0161autenes borderis N-05 brem\u017eu mucas gaisa \u0161autene 4,5 mm pilna jauda. Borner N-05 gaisa \u0161autene ir pavasara virzu\u013ca modelis ar ergonomisku kr\u0101jumu konfigur\u0101ciju. Autom\u0101tiska dro\u0161in\u0101t\u0101ja kl\u0101tb\u016btne nodro\u0161in\u0101s aizsardz\u012bbu pret nejau\u0161u \u0161\u0101vienu. Redze ir regul\u0113jama un apr\u012bkota ar optisko \u0161\u0137iedru. Z\u012bmols: Borner. Gad\u012bjuma tips: \u0161autene. Muca: \u0161autene<br \/>\nDarb\u012bba: l\u016bzums. Kaliberis: .177 (4,5 mm). Elektrostacija: pavasara virzulis. Maksim\u0101lais \u0101trums: 800 kadri sekund\u0113 (l\u012bdz 244 m\/s). Mun\u012bcija: galven\u0101s lodes. \u0160\u0101vienu skaits: 1. Priek\u0161\u0113jais redz\u0113jums: ar Truglo Fiber Optics. Aizmugur\u0113jais redz\u0113jums: regul\u0113jams ar Truglo \u0161\u0137iedru optiku. Darb\u012bbas stiprin\u0101jums: 11 mm dovetail. Dro\u0161in\u0101t\u0101js: j\u0101. Ieteicams: sp\u0113l\u0113m\/izklaidei. Svars: 2,80 kg. Kop\u0113jais garums: 45,25 collas (aptuveni 107 cm). Mucas garums: 17,7 collas (aptuveni 45 cm). Kr\u0101sa: melns, sint\u0113tisks materi\u0101ls<\/p>\n","protected":false},"excerpt":{"rendered":"<p>Gaisa \u0161autenes borderis N-05 brem\u017eu mucas gaisa \u0161autene 4,5 mm pilna jauda. Borner N-05 gaisa \u0161autene ir pavasara virzu\u013ca modelis ar ergonomisku kr\u0101jumu konfigur\u0101ciju. Autom\u0101tiska dro\u0161in\u0101t\u0101ja kl\u0101tb\u016btne nodro\u0161in\u0101s aizsardz\u012bbu pret nejau\u0161u \u0161\u0101vienu. Redze ir regul\u0113jama un apr\u012bkota ar optisko \u0161\u0137iedru. Z\u012bmols: Borner. Gad\u012bjuma tips: \u0161autene. Muca: \u0161autene<br \/>\nDarb\u012bba: l\u016bzums. Kaliberis: .177 (4,5 mm). Elektrostacija: pavasara virzulis. Maksim\u0101lais \u0101trums: 800 kadri sekund\u0113 (l\u012bdz 244 m\/s). Mun\u012bcija: galven\u0101s lodes. \u0160\u0101vienu skaits: 1. Priek\u0161\u0113jais redz\u0113jums: ar Truglo Fiber Optics. Aizmugur\u0113jais redz\u0113jums: regul\u0113jams ar Truglo \u0161\u0137iedru optiku. Darb\u012bbas stiprin\u0101jums: 11 mm dovetail. Dro\u0161in\u0101t\u0101js: j\u0101. Ieteicams: sp\u0113l\u0113m\/izklaidei. Svars: 2,80 kg. Kop\u0113jais garums: 45,25 collas (aptuveni 107 cm). Mucas garums: 17,7 collas (aptuveni 45 cm). Kr\u0101sa: melns, sint\u0113tisks materi\u0101ls<\/p>\n","protected":false},"featured_media":144053,"template":"","meta":{"_acf_changed":false},"product_brand":[],"product_cat":[1004,1007],"product_tag":[],"class_list":{"0":"post-144103","1":"product","2":"type-product","3":"status-publish","4":"has-post-thumbnail","6":"product_cat-lidmasinas","7":"product_cat-snaipera-pistoles-lv","9":"first","10":"instock","11":"purchasable","12":"product-type-simple"},"acf":[],"_links":{"self":[{"href":"https:\/\/kingarms.ee\/lv\/wp-json\/wp\/v2\/product\/144103","targetHints":{"allow":["GET"]}}],"collection":[{"href":"https:\/\/kingarms.ee\/lv\/wp-json\/wp\/v2\/product"}],"about":[{"href":"https:\/\/kingarms.ee\/lv\/wp-json\/wp\/v2\/types\/product"}],"wp:featuredmedia":[{"embeddable":true,"href":"https:\/\/kingarms.ee\/lv\/wp-json\/wp\/v2\/media\/144053"}],"wp:attachment":[{"href":"https:\/\/kingarms.ee\/lv\/wp-json\/wp\/v2\/media?parent=144103"}],"wp:term":[{"taxonomy":"product_brand","embeddable":true,"href":"https:\/\/kingarms.ee\/lv\/wp-json\/wp\/v2\/product_brand?post=144103"},{"taxonomy":"product_cat","embeddable":true,"href":"https:\/\/kingarms.ee\/lv\/wp-json\/wp\/v2\/product_cat?post=144103"},{"taxonomy":"product_tag","embeddable":true,"href":"https:\/\/kingarms.ee\/lv\/wp-json\/wp\/v2\/product_tag?post=144103"}],"curies":[{"name":"wp","href":"https:\/\/api.w.org\/{rel}","templated":true}]}}